{"id":1018,"date":"2025-10-27T15:23:11","date_gmt":"2025-10-27T15:23:11","guid":{"rendered":"https:\/\/claseazul.com\/community\/?page_id=1018"},"modified":"2026-04-06T17:34:10","modified_gmt":"2026-04-06T17:34:10","slug":"home","status":"publish","type":"page","link":"https:\/\/claseazul.com\/community\/es\/","title":{"rendered":"Home"},"content":{"rendered":"\n<div\n    id=\"azds\/hero-landing-block_5bf886948765e9b275ff8411e662e2e6\"\n    class=\"hero-landing\"\n    data-state=\"ready\"\n>\n        \n<button\n    class=\"c-button c-button--fill-on-dark c-media-control c-media-control--hidden hero-landing__play-pause\"\n    aria-pressed=\"false\"\n    data-video-id=\"azds\/hero-landing-block_5bf886948765e9b275ff8411e662e2e6\"\n    data-label-play=\"Reproducir v\u00eddeo de fondo\"\n    data-label-pause=\"Pausar v\u00eddeo de fondo\"\n    data-observer-target=\"azds\/hero-landing-block_5bf886948765e9b275ff8411e662e2e6\">\n    <span class=\"visually-hidden c-media-control__label\">Reproducir v\u00eddeo de fondo<\/span>\n    <svg class=\"c-media-control__icon-play\" width=\"24\" height=\"24\" viewBox=\"0 0 24 24\" fill=\"none\" xmlns=\"http:\/\/www.w3.org\/2000\/svg\">\n        <path d=\"M5.5 4.84007V19.1595C5.50212 19.2738 5.53434 19.3855 5.59339 19.4833C5.65245 19.5812 5.73626 19.6617 5.83637 19.7168C5.93648 19.7719 6.04936 19.7997 6.16362 19.7973C6.27788 19.7949 6.38949 19.7624 6.48718 19.7031L18.1936 12.5433C18.2871 12.4868 18.3645 12.407 18.4181 12.3118C18.4718 12.2165 18.5 12.1091 18.5 11.9998C18.5 11.8905 18.4718 11.783 18.4181 11.6878C18.3645 11.5926 18.2871 11.5128 18.1936 11.4562L6.48718 4.29651C6.38949 4.23721 6.27788 4.20471 6.16362 4.20229C6.04936 4.19988 5.93648 4.22763 5.83637 4.28276C5.73626 4.33788 5.65245 4.41843 5.59339 4.51627C5.53434 4.61412 5.50212 4.72581 5.5 4.84007Z\" stroke=\"currentcolor\" stroke-width=\"0.88\" stroke-linecap=\"round\" stroke-linejoin=\"round\"\/>\n    <\/svg>\n    <svg class=\"c-media-control__icon-pause\" width=\"24\" height=\"24\" viewBox=\"0 0 24 24\" fill=\"none\" xmlns=\"http:\/\/www.w3.org\/2000\/svg\">\n        <path d=\"M17.4169 5.37939H14.4075C14.0751 5.37939 13.8057 5.64886 13.8057 5.98126V18.0186C13.8057 18.351 14.0751 18.6205 14.4075 18.6205H17.4169C17.7493 18.6205 18.0187 18.351 18.0187 18.0186V5.98126C18.0187 5.64886 17.7493 5.37939 17.4169 5.37939Z\" stroke=\"currentcolor\" stroke-width=\"0.902802\" stroke-linecap=\"round\" stroke-linejoin=\"round\"\/>\n        <path d=\"M9.59265 5.37939H6.58331C6.25091 5.37939 5.98145 5.64886 5.98145 5.98126V18.0186C5.98145 18.351 6.25091 18.6205 6.58331 18.6205H9.59265C9.92505 18.6205 10.1945 18.351 10.1945 18.0186V5.98126C10.1945 5.64886 9.92505 5.37939 9.59265 5.37939Z\" stroke=\"currentcolor\" stroke-width=\"0.902802\" stroke-linecap=\"round\" stroke-linejoin=\"round\"\/>\n    <\/svg>\n<\/button>\n        <div class=\"hero-landing__grid\">\n                <article class=\"hero-landing__slice\" aria-label=\"Prep\u00e1rate para celebrar la grandeza de la uni\u00f3n global\">\n            <div class=\"hero-landing__wrapper\">\n                <div class=\"hero-landing__content\">\n                                            <h2 class=\"hero-landing__title\">Prep\u00e1rate para celebrar la grandeza de la uni\u00f3n global<\/h2>\n                                        <p class=\"hero-landing__description\"><\/p>\n                    <div class=\"hero-landing__link\">\n                                                <a\n                            class=\"c-button c-button--fill-on-dark hero-landing__button\"\n                            href=\"https:\/\/cloud.hospitality.claseazul.com\/clase-azul-tequila-spiritofchampions\"\n                            aria-label=\"Learn more about Reg\u00edstrate Aqu\u00ed\"\n                            target=\"_blank\"                        >Reg\u00edstrate Aqu\u00ed<\/a>\n                                            <\/div>\n                <\/div>\n            <\/div>\n            <div class=\"hero-landing__media\">\n                \n        \n\n\n    \n\n<picture>\n    <source\n                        srcset=\"https:\/\/s3.amazonaws.com\/upload.claseazul.com\/uploads\/2026\/04\/06172722\/LandingHero_SoCwarmup-300x219.jpg 300w, https:\/\/s3.amazonaws.com\/upload.claseazul.com\/uploads\/2026\/04\/06172722\/LandingHero_SoCwarmup-1024x746.jpg 1024w, https:\/\/s3.amazonaws.com\/upload.claseazul.com\/uploads\/2026\/04\/06172722\/LandingHero_SoCwarmup-768x559.jpg 768w, https:\/\/s3.amazonaws.com\/upload.claseazul.com\/uploads\/2026\/04\/06172722\/LandingHero_SoCwarmup-1536x1119.jpg 1536w, https:\/\/s3.amazonaws.com\/upload.claseazul.com\/uploads\/2026\/04\/06172722\/LandingHero_SoCwarmup-600x437.jpg 600w, https:\/\/s3.amazonaws.com\/upload.claseazul.com\/uploads\/2026\/04\/06172722\/LandingHero_SoCwarmup.jpg 2000w\"\n                sizes=\"(width &lt; 768px) 100vw, 50vw\"        data-alt-desktop=\"\"\n    \/>\n        \n<img\n    class=\" \"    src=\"https:\/\/s3.amazonaws.com\/upload.claseazul.com\/uploads\/2026\/04\/06172722\/LandingHero_SoCwarmup.jpg\"\n    srcset=\"https:\/\/s3.amazonaws.com\/upload.claseazul.com\/uploads\/2026\/04\/06172722\/LandingHero_SoCwarmup-300x219.jpg 300w, https:\/\/s3.amazonaws.com\/upload.claseazul.com\/uploads\/2026\/04\/06172722\/LandingHero_SoCwarmup-1024x746.jpg 1024w, https:\/\/s3.amazonaws.com\/upload.claseazul.com\/uploads\/2026\/04\/06172722\/LandingHero_SoCwarmup-768x559.jpg 768w, https:\/\/s3.amazonaws.com\/upload.claseazul.com\/uploads\/2026\/04\/06172722\/LandingHero_SoCwarmup-1536x1119.jpg 1536w, https:\/\/s3.amazonaws.com\/upload.claseazul.com\/uploads\/2026\/04\/06172722\/LandingHero_SoCwarmup-600x437.jpg 600w, https:\/\/s3.amazonaws.com\/upload.claseazul.com\/uploads\/2026\/04\/06172722\/LandingHero_SoCwarmup.jpg 2000w\"    sizes=\"(width &lt; 768px) 100vw, 50vw\"    width=\"2000\"    height=\"1457\"    loading=\"eager\"\n    decoding=\"async\"\n    fetchpriority=\"high\"\n    alt=\"\"\n        data-breakpoint=\"1024\"\n    \/>\n<\/picture>\n\n            <\/div>\n        <\/article>\n                <article class=\"hero-landing__slice\" aria-label=\"Nuestro nuevo hogar en la Ciudad de M\u00e9xico\">\n            <div class=\"hero-landing__wrapper\">\n                <div class=\"hero-landing__content\">\n                                            <h1 class=\"hero-landing__title\">Nuestro nuevo hogar en la Ciudad de M\u00e9xico<\/h1>\n                                        <p class=\"hero-landing__description\">Visita nuestro hogar en Polanco, ubicado en una mansi\u00f3n de los a\u00f1os cuarenta hermosamente restaurada. Disfruta experiencias exclusivas y explora nuestras m\u00e1s recientes creaciones.<\/p>\n                    <div class=\"hero-landing__link\">\n                                                <a\n                            class=\"c-button c-button--fill-on-dark hero-landing__button\"\n                            href=\"https:\/\/claseazul.com\/community\/es\/experiences\/casadelosleones\/\"\n                            aria-label=\"Learn more about Descubre m\u00e1s\"\n                                                    >Descubre m\u00e1s<\/a>\n                                            <\/div>\n                <\/div>\n            <\/div>\n            <div class=\"hero-landing__media\">\n                \n        \n\n\n    \n\n<picture>\n    <source\n                        srcset=\"https:\/\/s3.amazonaws.com\/uploads.claseazul-staging-assets\/uploads\/2026\/02\/03211310\/CASA_DE_LOS_LEONES_Brand_Home_2026-1-200x300.jpg 200w, https:\/\/s3.amazonaws.com\/uploads.claseazul-staging-assets\/uploads\/2026\/02\/03211310\/CASA_DE_LOS_LEONES_Brand_Home_2026-1-600x900.jpg 600w, https:\/\/s3.amazonaws.com\/uploads.claseazul-staging-assets\/uploads\/2026\/02\/03211310\/CASA_DE_LOS_LEONES_Brand_Home_2026-1-768x1151.jpg 768w, https:\/\/s3.amazonaws.com\/uploads.claseazul-staging-assets\/uploads\/2026\/02\/03211310\/CASA_DE_LOS_LEONES_Brand_Home_2026-1-683x1024.jpg 683w, https:\/\/s3.amazonaws.com\/uploads.claseazul-staging-assets\/uploads\/2026\/02\/03211310\/CASA_DE_LOS_LEONES_Brand_Home_2026-1-1025x1536.jpg 1025w, https:\/\/s3.amazonaws.com\/uploads.claseazul-staging-assets\/uploads\/2026\/02\/03211310\/CASA_DE_LOS_LEONES_Brand_Home_2026-1-1366x2048.jpg 1366w, https:\/\/s3.amazonaws.com\/uploads.claseazul-staging-assets\/uploads\/2026\/02\/03211310\/CASA_DE_LOS_LEONES_Brand_Home_2026-1-scaled.jpg 1708w\"\n                sizes=\"(width &lt; 768px) 100vw, 50vw\"        data-alt-desktop=\"\"\n    \/>\n        \n<img\n    class=\" \"    src=\"https:\/\/s3.amazonaws.com\/uploads.claseazul-staging-assets\/uploads\/2026\/02\/03211310\/CASA_DE_LOS_LEONES_Brand_Home_2026-1-scaled.jpg\"\n    srcset=\"https:\/\/s3.amazonaws.com\/uploads.claseazul-staging-assets\/uploads\/2026\/02\/03211310\/CASA_DE_LOS_LEONES_Brand_Home_2026-1-200x300.jpg 200w, https:\/\/s3.amazonaws.com\/uploads.claseazul-staging-assets\/uploads\/2026\/02\/03211310\/CASA_DE_LOS_LEONES_Brand_Home_2026-1-600x900.jpg 600w, https:\/\/s3.amazonaws.com\/uploads.claseazul-staging-assets\/uploads\/2026\/02\/03211310\/CASA_DE_LOS_LEONES_Brand_Home_2026-1-768x1151.jpg 768w, https:\/\/s3.amazonaws.com\/uploads.claseazul-staging-assets\/uploads\/2026\/02\/03211310\/CASA_DE_LOS_LEONES_Brand_Home_2026-1-683x1024.jpg 683w, https:\/\/s3.amazonaws.com\/uploads.claseazul-staging-assets\/uploads\/2026\/02\/03211310\/CASA_DE_LOS_LEONES_Brand_Home_2026-1-1025x1536.jpg 1025w, https:\/\/s3.amazonaws.com\/uploads.claseazul-staging-assets\/uploads\/2026\/02\/03211310\/CASA_DE_LOS_LEONES_Brand_Home_2026-1-1366x2048.jpg 1366w, https:\/\/s3.amazonaws.com\/uploads.claseazul-staging-assets\/uploads\/2026\/02\/03211310\/CASA_DE_LOS_LEONES_Brand_Home_2026-1-scaled.jpg 1708w\"    sizes=\"(width &lt; 768px) 100vw, 50vw\"    width=\"1708\"    height=\"2560\"    loading=\"eager\"\n    decoding=\"async\"\n    fetchpriority=\"high\"\n    alt=\"\"\n        data-breakpoint=\"1024\"\n    \/>\n<\/picture>\n\n            <\/div>\n        <\/article>\n                <article class=\"hero-landing__slice\" aria-label=\"Un mundo creado para ti\">\n            <div class=\"hero-landing__wrapper\">\n                <div class=\"hero-landing__content\">\n                                            <h2 class=\"hero-landing__title\">Un mundo creado para ti<\/h2>\n                                        <p class=\"hero-landing__description\">\u00danete a nuestra comunidad y experimenta la maestr\u00eda de Clase Azul: acceso exclusivo a lanzamientos y espacios, experiencias curadas y atenci\u00f3n personalizada.<\/p>\n                    <div class=\"hero-landing__link\">\n                                                <a\n                            class=\"c-button c-button--fill-on-dark hero-landing__button\"\n                            href=\"https:\/\/claseazul.com\/community\/es\/join-community\/\"\n                            aria-label=\"Learn more about Descubre m\u00e1s\"\n                                                    >Descubre m\u00e1s<\/a>\n                                            <\/div>\n                <\/div>\n            <\/div>\n            <div class=\"hero-landing__media\">\n                \n        \n\n\n    \n<video\n        class=\" \"    loop=\"loop\"        autoplay=\"autoplay\"\n    disablepictureinpicture=\"disablepictureinpicture\"\n    muted=\"muted\"\n    playsinline=\"playsinline\"\n    poster=\"https:\/\/s3.amazonaws.com\/uploads.claseazul-staging-assets\/uploads\/2026\/01\/20154913\/Poster-Landing3_D-0120.jpg\"            role=\"presentation\"\n            data-breakpoint=\"1024\"\n    >\n    <source\n        src=\"https:\/\/s3.amazonaws.com\/uploads.claseazul-staging-assets\/uploads\/2026\/02\/03211035\/Landing-2-1a.mp4\"\n        type=\"video\/mp4\"    \/>\n        \n\n<picture>\n    <source\n                        srcset=\"https:\/\/s3.amazonaws.com\/uploads.claseazul-staging-assets\/uploads\/2026\/01\/20154913\/Poster-Landing3_D-0120-231x300.jpg 231w, https:\/\/s3.amazonaws.com\/uploads.claseazul-staging-assets\/uploads\/2026\/01\/20154913\/Poster-Landing3_D-0120-788x1024.jpg 788w, https:\/\/s3.amazonaws.com\/uploads.claseazul-staging-assets\/uploads\/2026\/01\/20154913\/Poster-Landing3_D-0120-768x998.jpg 768w, https:\/\/s3.amazonaws.com\/uploads.claseazul-staging-assets\/uploads\/2026\/01\/20154913\/Poster-Landing3_D-0120-1182x1536.jpg 1182w, https:\/\/s3.amazonaws.com\/uploads.claseazul-staging-assets\/uploads\/2026\/01\/20154913\/Poster-Landing3_D-0120-1576x2048.jpg 1576w, https:\/\/s3.amazonaws.com\/uploads.claseazul-staging-assets\/uploads\/2026\/01\/20154913\/Poster-Landing3_D-0120-600x780.jpg 600w, https:\/\/s3.amazonaws.com\/uploads.claseazul-staging-assets\/uploads\/2026\/01\/20154913\/Poster-Landing3_D-0120.jpg 1708w\"\n                sizes=\"(width &lt; 768px) 100vw, 50vw\"        data-alt-desktop=\"\"\n    \/>\n        \n<img\n    class=\" \"    src=\"https:\/\/s3.amazonaws.com\/uploads.claseazul-staging-assets\/uploads\/2026\/01\/20154913\/Poster-Landing3_D-0120.jpg\"\n    srcset=\"https:\/\/s3.amazonaws.com\/uploads.claseazul-staging-assets\/uploads\/2026\/01\/20154913\/Poster-Landing3_D-0120-231x300.jpg 231w, https:\/\/s3.amazonaws.com\/uploads.claseazul-staging-assets\/uploads\/2026\/01\/20154913\/Poster-Landing3_D-0120-788x1024.jpg 788w, https:\/\/s3.amazonaws.com\/uploads.claseazul-staging-assets\/uploads\/2026\/01\/20154913\/Poster-Landing3_D-0120-768x998.jpg 768w, https:\/\/s3.amazonaws.com\/uploads.claseazul-staging-assets\/uploads\/2026\/01\/20154913\/Poster-Landing3_D-0120-1182x1536.jpg 1182w, https:\/\/s3.amazonaws.com\/uploads.claseazul-staging-assets\/uploads\/2026\/01\/20154913\/Poster-Landing3_D-0120-1576x2048.jpg 1576w, https:\/\/s3.amazonaws.com\/uploads.claseazul-staging-assets\/uploads\/2026\/01\/20154913\/Poster-Landing3_D-0120-600x780.jpg 600w, https:\/\/s3.amazonaws.com\/uploads.claseazul-staging-assets\/uploads\/2026\/01\/20154913\/Poster-Landing3_D-0120.jpg 1708w\"    sizes=\"(width &lt; 768px) 100vw, 50vw\"    width=\"1708\"    height=\"2220\"    loading=\"eager\"\n    decoding=\"async\"\n    fetchpriority=\"high\"\n    alt=\"\"\n        data-breakpoint=\"1024\"\n    \/>\n<\/picture>\n\n    <\/video>\n            <\/div>\n        <\/article>\n            <\/div>\n<\/div>\n","protected":false},"excerpt":{"rendered":"","protected":false},"author":11,"featured_media":0,"parent":0,"menu_order":0,"comment_status":"closed","ping_status":"closed","template":"","meta":{"_acf_changed":false,"footnotes":""},"class_list":["post-1018","page","type-page","status-publish","hentry"],"acf":[],"yoast_head":"<!-- This site is optimized with the Yoast SEO plugin v26.2 - https:\/\/yoast.com\/wordpress\/plugins\/seo\/ -->\n<title>Home - Clase Azul<\/title>\n<meta name=\"robots\" content=\"index, follow, max-snippet:-1, max-image-preview:large, max-video-preview:-1\" \/>\n<link rel=\"canonical\" href=\"https:\/\/claseazul.com\/community\/es\/\" \/>\n<meta property=\"og:locale\" content=\"es_ES\" \/>\n<meta property=\"og:type\" content=\"article\" \/>\n<meta property=\"og:title\" content=\"Home - Clase Azul\" \/>\n<meta property=\"og:url\" content=\"https:\/\/claseazul.com\/community\/es\/\" \/>\n<meta property=\"og:site_name\" content=\"Clase Azul\" \/>\n<meta property=\"article:modified_time\" content=\"2026-04-06T17:34:10+00:00\" \/>\n<meta name=\"twitter:card\" content=\"summary_large_image\" \/>\n<script type=\"application\/ld+json\" class=\"yoast-schema-graph\">{\"@context\":\"https:\/\/schema.org\",\"@graph\":[{\"@type\":\"WebPage\",\"@id\":\"https:\/\/claseazul.com\/community\/es\/\",\"url\":\"https:\/\/claseazul.com\/community\/es\/\",\"name\":\"Home - Clase Azul\",\"isPartOf\":{\"@id\":\"https:\/\/claseazul.com\/community\/es\/#website\"},\"datePublished\":\"2025-10-27T15:23:11+00:00\",\"dateModified\":\"2026-04-06T17:34:10+00:00\",\"breadcrumb\":{\"@id\":\"https:\/\/claseazul.com\/community\/es\/#breadcrumb\"},\"inLanguage\":\"es-ES\",\"potentialAction\":[{\"@type\":\"ReadAction\",\"target\":[\"https:\/\/claseazul.com\/community\/es\/\"]}]},{\"@type\":\"BreadcrumbList\",\"@id\":\"https:\/\/claseazul.com\/community\/es\/#breadcrumb\",\"itemListElement\":[{\"@type\":\"ListItem\",\"position\":1,\"name\":\"Home\",\"item\":\"https:\/\/claseazul.com\/community\/es\/\"},{\"@type\":\"ListItem\",\"position\":2,\"name\":\"Home\"}]},{\"@type\":\"WebSite\",\"@id\":\"https:\/\/claseazul.com\/community\/es\/#website\",\"url\":\"https:\/\/claseazul.com\/community\/es\/\",\"name\":\"Clase Azul\",\"description\":\"\",\"potentialAction\":[{\"@type\":\"SearchAction\",\"target\":{\"@type\":\"EntryPoint\",\"urlTemplate\":\"https:\/\/claseazul.com\/community\/es\/?s={search_term_string}\"},\"query-input\":{\"@type\":\"PropertyValueSpecification\",\"valueRequired\":true,\"valueName\":\"search_term_string\"}}],\"inLanguage\":\"es-ES\"}]}<\/script>\n<!-- \/ Yoast SEO plugin. -->","yoast_head_json":{"title":"Home - Clase Azul","robots":{"index":"index","follow":"follow","max-snippet":"max-snippet:-1","max-image-preview":"max-image-preview:large","max-video-preview":"max-video-preview:-1"},"canonical":"https:\/\/claseazul.com\/community\/es\/","og_locale":"es_ES","og_type":"article","og_title":"Home - Clase Azul","og_url":"https:\/\/claseazul.com\/community\/es\/","og_site_name":"Clase Azul","article_modified_time":"2026-04-06T17:34:10+00:00","twitter_card":"summary_large_image","schema":{"@context":"https:\/\/schema.org","@graph":[{"@type":"WebPage","@id":"https:\/\/claseazul.com\/community\/es\/","url":"https:\/\/claseazul.com\/community\/es\/","name":"Home - Clase Azul","isPartOf":{"@id":"https:\/\/claseazul.com\/community\/es\/#website"},"datePublished":"2025-10-27T15:23:11+00:00","dateModified":"2026-04-06T17:34:10+00:00","breadcrumb":{"@id":"https:\/\/claseazul.com\/community\/es\/#breadcrumb"},"inLanguage":"es-ES","potentialAction":[{"@type":"ReadAction","target":["https:\/\/claseazul.com\/community\/es\/"]}]},{"@type":"BreadcrumbList","@id":"https:\/\/claseazul.com\/community\/es\/#breadcrumb","itemListElement":[{"@type":"ListItem","position":1,"name":"Home","item":"https:\/\/claseazul.com\/community\/es\/"},{"@type":"ListItem","position":2,"name":"Home"}]},{"@type":"WebSite","@id":"https:\/\/claseazul.com\/community\/es\/#website","url":"https:\/\/claseazul.com\/community\/es\/","name":"Clase Azul","description":"","potentialAction":[{"@type":"SearchAction","target":{"@type":"EntryPoint","urlTemplate":"https:\/\/claseazul.com\/community\/es\/?s={search_term_string}"},"query-input":{"@type":"PropertyValueSpecification","valueRequired":true,"valueName":"search_term_string"}}],"inLanguage":"es-ES"}]}},"_links":{"self":[{"href":"https:\/\/claseazul.com\/community\/es\/wp-json\/wp\/v2\/pages\/1018","targetHints":{"allow":["GET"]}}],"collection":[{"href":"https:\/\/claseazul.com\/community\/es\/wp-json\/wp\/v2\/pages"}],"about":[{"href":"https:\/\/claseazul.com\/community\/es\/wp-json\/wp\/v2\/types\/page"}],"author":[{"embeddable":true,"href":"https:\/\/claseazul.com\/community\/es\/wp-json\/wp\/v2\/users\/11"}],"replies":[{"embeddable":true,"href":"https:\/\/claseazul.com\/community\/es\/wp-json\/wp\/v2\/comments?post=1018"}],"version-history":[{"count":23,"href":"https:\/\/claseazul.com\/community\/es\/wp-json\/wp\/v2\/pages\/1018\/revisions"}],"predecessor-version":[{"id":3199,"href":"https:\/\/claseazul.com\/community\/es\/wp-json\/wp\/v2\/pages\/1018\/revisions\/3199"}],"wp:attachment":[{"href":"https:\/\/claseazul.com\/community\/es\/wp-json\/wp\/v2\/media?parent=1018"}],"curies":[{"name":"wp","href":"https:\/\/api.w.org\/{rel}","templated":true}]}}