{"id":3523,"date":"2026-04-29T13:35:06","date_gmt":"2026-04-29T13:35:06","guid":{"rendered":"https:\/\/www.website.com\/?page_id=3523"},"modified":"2026-05-01T15:01:54","modified_gmt":"2026-05-01T15:01:54","slug":"cookies-policy","status":"publish","type":"page","link":"https:\/\/claseazul.com\/es\/cookies-policy\/","title":{"rendered":"Pol\u00edtica de Cookies"},"content":{"rendered":"<div class=\"faq\"  id=\"azds\/faq-block_286a54f17ddf57076b848dcce2335bff\" >\n    <div class=\"container\">\n                    <h2 class=\"faq__title\">Pol\u00edtica de Cookies<\/h2>\n        \n                    <div class=\"faq__items\" data-faq-accordion>\n                                    <details class=\"faq__item\" name=\"faq\">\n                        <summary class=\"faq__summary\">\n                            <span class=\"faq__question\">Cookies y tecnolog\u00edas similares<\/span>\n                            <span class=\"faq__icon\" aria-hidden=\"true\"><\/span>\n                        <\/summary>\n                        <div class=\"faq__answer\">Como muchos otros sitios web y aplicaciones, utilizamos cookies, scripts, pixel tags, etags, web beacons y tecnolog\u00edas similares (denominadas colectivamente &#8220;cookies&#8221;) para ayudarnos a recopilar y almacenar informaci\u00f3n sobre los visitantes de nuestros sitios web y aplicaciones, y de ciertos sitios web de terceros con los que nos hemos asociado. Esta secci\u00f3n y las siguientes proporcionan informaci\u00f3n sobre c\u00f3mo usamos las cookies y c\u00f3mo puedes controlarlas. Una cookie es una cadena de informaci\u00f3n de texto que un sitio web transfiere al archivo de cookies del navegador en el disco duro de tu dispositivo. Una cookie normalmente contendr\u00e1 el nombre del dominio del que proviene la cookie, la &#8220;vida \u00fatil&#8221; de la cookie y un valor, generalmente un n\u00famero \u00fanico generado aleatoriamente. Las cookies son \u00fatiles porque permiten que un sitio web reconozca el dispositivo de un usuario. Puedes encontrar m\u00e1s informaci\u00f3n sobre las cookies en: www.allaboutcookies.org. Encontrar\u00e1s m\u00e1s detalles sobre las cookies espec\u00edficas que utilizamos y los fines para los que las usamos en las secciones siguientes. Hay varias formas de administrar las cookies. Tambi\u00e9n tienes la posibilidad de aceptar o rechazar las cookies modificando la configuraci\u00f3n de tu navegador. Consulta las instrucciones de tu navegador o la pantalla de ayuda para obtener m\u00e1s informaci\u00f3n sobre las funciones que tu navegador proporciona para administrar las cookies. Si usas diferentes navegadores, es posible que debas asegurarte de que cada uno est\u00e9 ajustado para adaptarse a tus preferencias de cookies. Sin embargo, ten en cuenta que es posible que no puedas usar todas las funciones interactivas de nuestro sitio si todas las cookies est\u00e1n deshabilitadas.<\/div>\n                    <\/details>\n                                    <details class=\"faq__item\" name=\"faq\">\n                        <summary class=\"faq__summary\">\n                            <span class=\"faq__question\">\u00bfQu\u00e9 tipo de cookies usamos?<\/span>\n                            <span class=\"faq__icon\" aria-hidden=\"true\"><\/span>\n                        <\/summary>\n                        <div class=\"faq__answer\">Usamos dos tipos generales de cookies:<br \/>\r\n<br \/>\r\nCookies propias: las encuentras de manera directa cuando visitas nuestro sitio web.  <a href=\"https:\/\/www.claseazul.com\/es\/our-spirits\" target=\"_blank\" rel=\"noopener noreferrer\"> claseazul.com\/es\/our-spirits<\/a>  se abre en una pesta\u00f1a nueva<br \/>\r\n<br \/>\r\nCookies de terceros: estas cookies son administradas por un tercero en nuestro nombre cuando visitas nuestro sitio web y determinados sitios web de terceros con los que nos hemos asociado.<\/div>\n                    <\/details>\n                                    <details class=\"faq__item\" name=\"faq\">\n                        <summary class=\"faq__summary\">\n                            <span class=\"faq__question\">\u00bfPara qu\u00e9 usamos las cookies?<\/span>\n                            <span class=\"faq__icon\" aria-hidden=\"true\"><\/span>\n                        <\/summary>\n                        <div class=\"faq__answer\">Las cookies que utilizamos se pueden dividir en cuatro categor\u00edas principales: (1) Cookies estrictamente necesarias, (2) Cookies de rendimiento, (3) Cookies de funcionalidad y (4) Cookies de segmentaci\u00f3n o publicidad. Consulta a continuaci\u00f3n para obtener m\u00e1s detalles sobre cada una de estas categor\u00edas de cookies.<br \/>\r\n<br \/>\r\nCategor\u00eda 1: Cookies estrictamente necesarias<br \/>\r\n<br \/>\r\nEstas cookies son esenciales para permitirte moverte por el sitio web y usar sus funciones, como acceder a \u00e1reas seguras del sitio web. Sin estas cookies, los servicios que has solicitado, como cestas de la compra o facturaci\u00f3n electr\u00f3nica, no se pueden proporcionar.<br \/>\r\n<br \/>\r\n\u00bfQu\u00e9 tipo de cookies estrictamente necesarias usamos en nuestro sitio web?<br \/>\r\n<br \/>\r\nEjemplos de cookies estrictamente necesarias que podemos usar en este sitio web incluyen las cookies de administraci\u00f3n de contenido que son necesarias para que el sistema de administraci\u00f3n de contenido funcione y las cookies de preferencia de plantilla que son necesarias para los sitios m\u00f3viles y permiten que el sitio se vea y se sienta como se pretende. Tambi\u00e9n podemos usar plugins y cookies de redes sociales. El plugin de redes sociales funciona vincul\u00e1ndote con sitios de redes sociales como Facebook y Twitter y permite la interacci\u00f3n entre tu actividad en los sitios de redes sociales y en nuestro sitio web a trav\u00e9s de tu direcci\u00f3n. Por ejemplo, usar tu nombre de usuario y contrase\u00f1a de Facebook para iniciar sesi\u00f3n en nuestro sitio web y usar los botones &#8220;Me gusta&#8221; y &#8220;Compartir&#8221; de Facebook en nuestro sitio. Las cookies de redes sociales se utilizan para recordar que est\u00e1s conectado a nuestro sitio. Al utilizar esta funcionalidad, das permiso a CASA TRADICI\u00d3N, S.A. DE C.V., o sus filiales (Tequilas Premium, Inc. y Clase Azul Europe, S.L.) para acceder a la informaci\u00f3n que has puesto a disposici\u00f3n en tu perfil p\u00fablico (como nombre, direcci\u00f3n de correo electr\u00f3nico, imagen, sexo y ubicaci\u00f3n) para esa cuenta de red social. Usamos la informaci\u00f3n que recibimos de tu cuenta de red social de acuerdo con los t\u00e9rminos de uso de la red social y este Aviso de privacidad y cookies. Consulta la configuraci\u00f3n de privacidad en tu cuenta de red social para obtener informaci\u00f3n sobre qu\u00e9 datos se comparten con nosotros y otras aplicaciones conectadas, y para administrar los datos que se comparten a trav\u00e9s de tu cuenta, incluida la informaci\u00f3n sobre tus actividades usando nuestros sitios. En asociaci\u00f3n con Facebook u otros socios externos, CASA TRADICI\u00d3N, S.A. DE C.V., o sus filiales (Tequilas Premium, Inc. y Clase Azul Europe, S.L.) tambi\u00e9n puede, de vez en cuando, recopilar informaci\u00f3n sobre uno o m\u00e1s de tus dispositivos que usas para interactuar con el Sitio y los Servicios. Puedes iniciar sesi\u00f3n en tu cuenta de Facebook para obtener m\u00e1s informaci\u00f3n, administrar tus dispositivos y optar por no participar en esta recopilaci\u00f3n.<br \/>\r\n<br \/>\r\nCategor\u00eda 2: Cookies de rendimiento<br \/>\r\n<br \/>\r\nEstas cookies recopilan informaci\u00f3n sobre c\u00f3mo los visitantes usan un sitio web, por ejemplo, qu\u00e9 p\u00e1ginas visitan con m\u00e1s frecuencia y si reciben mensajes de error de las p\u00e1ginas web. Estas cookies no recopilan informaci\u00f3n que identifique directamente a un visitante. Toda la informaci\u00f3n recopilada por estas cookies se agrega y, por lo tanto, se vuelve an\u00f3nima. S\u00f3lo se utiliza para mejorar el funcionamiento de un sitio web.<br \/>\r\n<br \/>\r\n\u00bfQu\u00e9 tipo de cookies de rendimiento utilizamos en nuestro sitio web?<br \/>\r\n<br \/>\r\nUtilizamos Google Analytics y Adobe Analytics y servicios similares para ayudar a analizar el uso del sitio. Estas herramientas anal\u00edticas utilizan cookies para recopilar informaci\u00f3n est\u00e1ndar de registro de Internet e informaci\u00f3n sobre el comportamiento de los visitantes que luego se agrega para no identificar a ning\u00fan individuo. La informaci\u00f3n sobre su uso del sitio web y su direcci\u00f3n IP se transmite a Google y Adobe y la utilizamos para evaluar el uso que hacen los visitantes del sitio web, compilar informes estad\u00edsticos sobre la actividad del sitio web y crear un perfil de visitantes agregados basado en datos demogr\u00e1ficos e intereses.<br \/>\r\n<br \/>\r\nTambi\u00e9n utilizamos una herramienta llamada Informe de impresiones de la Red de Display de Google para comprender qu\u00e9 anuncios que colocamos en otros sitios web de la Red de Display de Google nos ayudan mejor a atraer visitantes a nuestro sitio web. Para optar por no ser rastreado por Google Analytics en todos los sitios web, visite http:\/\/tools.google.com\/dlpage\/gaoptoutse abre en una pesta\u00f1a nueva<br \/>\r\n<br \/>\r\nCategor\u00eda 3: Cookies de funcionalidad<br \/>\r\n<br \/>\r\nEstas cookies permiten que el sitio web recuerde las elecciones que haces (como tu nombre de usuario, idioma o la regi\u00f3n en la que te encuentras) y ofrecen funciones mejoradas y m\u00e1s personales. Por ejemplo, un sitio web puede proporcionar informes meteorol\u00f3gicos locales o noticias de tr\u00e1fico guardando en una cookie la regi\u00f3n en la que te encuentras actualmente. Estas cookies tambi\u00e9n se pueden utilizar para recordar los cambios que has realizado en el tama\u00f1o del texto, las fuentes y otras partes de las p\u00e1ginas web que puedes personalizar. Tambi\u00e9n se pueden utilizar para proporcionar servicios que has solicitado, como ver un v\u00eddeo o comentar en un blog. La informaci\u00f3n que recopilan estas cookies puede ser anonimizada y no pueden rastrear tu actividad de navegaci\u00f3n en otros sitios web.<br \/>\r\n<br \/>\r\n\u00bfQu\u00e9 tipo de cookies de funcionalidad usamos en nuestro sitio web?<br \/>\r\n<br \/>\r\nPodemos colocar una cookie para recordar tus preferencias (Cookie de preferencia) para que no tengas que volver a introducir tus datos (pa\u00eds\/edad y preferencias de idioma) en nuestra p\u00e1gina de inicio. Esto no es adecuado si compartes tu ordenador con otra persona. Esta cookie caduca autom\u00e1ticamente despu\u00e9s de 12 meses. Tambi\u00e9n podemos usar cookies de sesi\u00f3n, que son cookies temporales que recuerdan las elecciones del usuario con respecto al sitio y las preferencias que ha seleccionado durante la sesi\u00f3n. Estas cookies se eliminan tan pronto como abandonas el sitio.<br \/>\r\n<br \/>\r\nCategor\u00eda 4: Cookies de segmentaci\u00f3n o publicidad<br \/>\r\n<br \/>\r\nEstas cookies se utilizan para entregar anuncios m\u00e1s relevantes para ti y tus intereses. Tambi\u00e9n se utilizan para limitar la cantidad de veces que ves un anuncio y para ayudar a medir la efectividad de la campa\u00f1a publicitaria. Normalmente los colocan proveedores de tecnolog\u00eda publicitaria de terceros (como redes publicitarias y otras plataformas de publicidad digital) con el permiso del operador del sitio web.<br \/>\r\n<br \/>\r\nRecuerdan que has visitado un sitio web y esta informaci\u00f3n se comparte con otras organizaciones, como los anunciantes. Muy a menudo, las cookies de segmentaci\u00f3n o publicidad estar\u00e1n vinculadas a la funcionalidad del sitio proporcionada por la otra organizaci\u00f3n.<br \/>\r\n<br \/>\r\n\u00bfQu\u00e9 tipo de cookies de segmentaci\u00f3n o publicidad usamos?<br \/>\r\n<br \/>\r\nEstas cookies se utilizan para entregar contenido que sea m\u00e1s relevante para ti y tus intereses en funci\u00f3n de tu navegaci\u00f3n anterior por la web, as\u00ed como las palabras clave que podemos recopilar de las URL de las p\u00e1ginas web desde las que accediste a este sitio web, tu direcci\u00f3n IP y cualquier motor de b\u00fasqueda utilizado para llegar a este sitio web. Adem\u00e1s, estas cookies se pueden utilizar para mostrarte publicidad dirigida (ya sea dentro de este sitio web o cuando visitas sitios web de terceros, incluidas las plataformas de redes sociales de terceros) o para limitar la cantidad de veces que ves un anuncio. Permanecen en tu ordenador a menos que las elimines y recuerden que has visitado un sitio web.<br \/>\r\n<br \/>\r\nTambi\u00e9n podemos utilizar determinados proveedores de servicios para configurar cookies en nuestro nombre a trav\u00e9s de sitios web de terceros con los que nos hemos asociado. Estas cookies nos permiten analizar las visitas de los consumidores a secciones espec\u00edficas de esos sitios web y recopilar cierta informaci\u00f3n sobre las compras de nuestros productos en esos sitios web. Los tipos de informaci\u00f3n recopilada por dichas cookies pueden incluir: informaci\u00f3n del carrito de la compra, qu\u00e9 p\u00e1ginas de productos se han visto, si se ha realizado una compra de un producto de CASA TRADICI\u00d3N, S.A. DE C.V., o sus filiales (Tequilas Premium, Inc. y Clase Azul Europe, S.L.), qu\u00e9 productos de Casa Tradici\u00f3n se han buscado. Las cookies de marketing que utilizamos incluyen cookies de terceros establecidas por Google, The Trade Desk y Facebook, a quienes utilizamos para publicidad en l\u00ednea basada en intereses. Tambi\u00e9n utilizamos ciertas herramientas de publicidad de Facebook (como el &#8220;pixel&#8221; de Facebook) para fines publicitarios en l\u00ednea basados en intereses. Puedes leer las pol\u00edticas de privacidad de datos de Google, The Trade Desk y Facebook en google.com, thetradedesk.com y facebook.com, respectivamente.<\/div>\n                    <\/details>\n                                    <details class=\"faq__item\" name=\"faq\">\n                        <summary class=\"faq__summary\">\n                            <span class=\"faq__question\">\u00bfQu\u00e9 tipo de cookies usamos?<\/span>\n                            <span class=\"faq__icon\" aria-hidden=\"true\"><\/span>\n                        <\/summary>\n                        <div class=\"faq__answer\">Si ves alguno de nuestros anuncios con este logotipo en \u00e9l, puedes controlar si recibes este tipo de anuncios. Este es el icono de AdChoices y lo proporciona la Alianza Europea de Publicidad Digital Interactiva (EDAA).<br \/>\r\n<br \/>\r\nCuando hagas clic en el icono, obtendr\u00e1s informaci\u00f3n sobre las empresas que proporcionan anuncios basados en intereses en los sitios que visitas. Aprender\u00e1s c\u00f3mo funciona, c\u00f3mo este tipo de publicidad apoya el contenido gratuito y sobre otras opciones de privacidad.<br \/>\r\n<br \/>\r\nSi no deseas este tipo de publicidad, puedes hacer clic en la p\u00e1gina de elecci\u00f3n del consumidor para optar por no recibir las empresas que participan en el programa Icon. Al continuar utilizando nuestro sitio web sin limitar el uso de nuestras cookies, est\u00e1s dando tu consentimiento a CASA TRADICI\u00d3N, S.A. DE C.V., o sus filiales (Tequilas Premium, Inc. y Clase Azul Europe, S.L.) de acuerdo con este Aviso de privacidad y cookies. Para obtener m\u00e1s informaci\u00f3n sobre c\u00f3mo administrar o eliminar cookies de segmentaci\u00f3n\/publicidad de esta manera, visita: http:\/\/www.youradchoices.com\/<\/div>\n                    <\/details>\n                            <\/div>\n            <\/div>\n<\/div>","protected":false},"excerpt":{"rendered":"","protected":false},"author":16,"featured_media":0,"parent":0,"menu_order":0,"comment_status":"closed","ping_status":"closed","template":"","meta":{"_acf_changed":false,"footnotes":""},"class_list":["post-3523","page","type-page","status-publish","hentry"],"acf":[],"yoast_head":"<!-- This site is optimized with the Yoast SEO plugin v26.2 - https:\/\/yoast.com\/wordpress\/plugins\/seo\/ -->\n<title>Pol\u00edtica de Cookies - Clase Azul M\u00e9xico<\/title>\n<meta name=\"robots\" content=\"index, follow, max-snippet:-1, max-image-preview:large, max-video-preview:-1\" \/>\n<link rel=\"canonical\" href=\"https:\/\/claseazul.com\/es\/cookies-policy\/\" \/>\n<meta property=\"og:locale\" content=\"es_ES\" \/>\n<meta property=\"og:type\" content=\"article\" \/>\n<meta property=\"og:title\" content=\"Pol\u00edtica de Cookies - Clase Azul M\u00e9xico\" \/>\n<meta property=\"og:url\" content=\"https:\/\/claseazul.com\/es\/cookies-policy\/\" \/>\n<meta property=\"og:site_name\" content=\"Clase Azul M\u00e9xico\" \/>\n<meta property=\"article:modified_time\" content=\"2026-05-01T15:01:54+00:00\" \/>\n<meta name=\"twitter:card\" content=\"summary_large_image\" \/>\n<script type=\"application\/ld+json\" class=\"yoast-schema-graph\">{\"@context\":\"https:\/\/schema.org\",\"@graph\":[{\"@type\":\"WebPage\",\"@id\":\"https:\/\/claseazul.com\/es\/cookies-policy\/\",\"url\":\"https:\/\/claseazul.com\/es\/cookies-policy\/\",\"name\":\"Pol\u00edtica de Cookies - Clase Azul M\u00e9xico\",\"isPartOf\":{\"@id\":\"https:\/\/claseazul.com\/es\/#website\"},\"datePublished\":\"2026-04-29T13:35:06+00:00\",\"dateModified\":\"2026-05-01T15:01:54+00:00\",\"breadcrumb\":{\"@id\":\"https:\/\/claseazul.com\/es\/cookies-policy\/#breadcrumb\"},\"inLanguage\":\"es-ES\",\"potentialAction\":[{\"@type\":\"ReadAction\",\"target\":[\"https:\/\/claseazul.com\/es\/cookies-policy\/\"]}]},{\"@type\":\"BreadcrumbList\",\"@id\":\"https:\/\/claseazul.com\/es\/cookies-policy\/#breadcrumb\",\"itemListElement\":[{\"@type\":\"ListItem\",\"position\":1,\"name\":\"Home\",\"item\":\"https:\/\/claseazul.com\/es\/\"},{\"@type\":\"ListItem\",\"position\":2,\"name\":\"Pol\u00edtica de Cookies\"}]},{\"@type\":\"WebSite\",\"@id\":\"https:\/\/claseazul.com\/es\/#website\",\"url\":\"https:\/\/claseazul.com\/es\/\",\"name\":\"Clase Azul M\u00e9xico\",\"description\":\"\",\"potentialAction\":[{\"@type\":\"SearchAction\",\"target\":{\"@type\":\"EntryPoint\",\"urlTemplate\":\"https:\/\/claseazul.com\/es\/?s={search_term_string}\"},\"query-input\":{\"@type\":\"PropertyValueSpecification\",\"valueRequired\":true,\"valueName\":\"search_term_string\"}}],\"inLanguage\":\"es-ES\"}]}<\/script>\n<!-- \/ Yoast SEO plugin. -->","yoast_head_json":{"title":"Pol\u00edtica de Cookies - Clase Azul M\u00e9xico","robots":{"index":"index","follow":"follow","max-snippet":"max-snippet:-1","max-image-preview":"max-image-preview:large","max-video-preview":"max-video-preview:-1"},"canonical":"https:\/\/claseazul.com\/es\/cookies-policy\/","og_locale":"es_ES","og_type":"article","og_title":"Pol\u00edtica de Cookies - Clase Azul M\u00e9xico","og_url":"https:\/\/claseazul.com\/es\/cookies-policy\/","og_site_name":"Clase Azul M\u00e9xico","article_modified_time":"2026-05-01T15:01:54+00:00","twitter_card":"summary_large_image","schema":{"@context":"https:\/\/schema.org","@graph":[{"@type":"WebPage","@id":"https:\/\/claseazul.com\/es\/cookies-policy\/","url":"https:\/\/claseazul.com\/es\/cookies-policy\/","name":"Pol\u00edtica de Cookies - Clase Azul M\u00e9xico","isPartOf":{"@id":"https:\/\/claseazul.com\/es\/#website"},"datePublished":"2026-04-29T13:35:06+00:00","dateModified":"2026-05-01T15:01:54+00:00","breadcrumb":{"@id":"https:\/\/claseazul.com\/es\/cookies-policy\/#breadcrumb"},"inLanguage":"es-ES","potentialAction":[{"@type":"ReadAction","target":["https:\/\/claseazul.com\/es\/cookies-policy\/"]}]},{"@type":"BreadcrumbList","@id":"https:\/\/claseazul.com\/es\/cookies-policy\/#breadcrumb","itemListElement":[{"@type":"ListItem","position":1,"name":"Home","item":"https:\/\/claseazul.com\/es\/"},{"@type":"ListItem","position":2,"name":"Pol\u00edtica de Cookies"}]},{"@type":"WebSite","@id":"https:\/\/claseazul.com\/es\/#website","url":"https:\/\/claseazul.com\/es\/","name":"Clase Azul M\u00e9xico","description":"","potentialAction":[{"@type":"SearchAction","target":{"@type":"EntryPoint","urlTemplate":"https:\/\/claseazul.com\/es\/?s={search_term_string}"},"query-input":{"@type":"PropertyValueSpecification","valueRequired":true,"valueName":"search_term_string"}}],"inLanguage":"es-ES"}]}},"_links":{"self":[{"href":"https:\/\/claseazul.com\/es\/wp-json\/wp\/v2\/pages\/3523","targetHints":{"allow":["GET"]}}],"collection":[{"href":"https:\/\/claseazul.com\/es\/wp-json\/wp\/v2\/pages"}],"about":[{"href":"https:\/\/claseazul.com\/es\/wp-json\/wp\/v2\/types\/page"}],"author":[{"embeddable":true,"href":"https:\/\/claseazul.com\/es\/wp-json\/wp\/v2\/users\/16"}],"replies":[{"embeddable":true,"href":"https:\/\/claseazul.com\/es\/wp-json\/wp\/v2\/comments?post=3523"}],"version-history":[{"count":3,"href":"https:\/\/claseazul.com\/es\/wp-json\/wp\/v2\/pages\/3523\/revisions"}],"predecessor-version":[{"id":4815,"href":"https:\/\/claseazul.com\/es\/wp-json\/wp\/v2\/pages\/3523\/revisions\/4815"}],"wp:attachment":[{"href":"https:\/\/claseazul.com\/es\/wp-json\/wp\/v2\/media?parent=3523"}],"curies":[{"name":"wp","href":"https:\/\/api.w.org\/{rel}","templated":true}]}}