{"id":3540,"date":"2026-04-29T13:28:22","date_gmt":"2026-04-29T13:28:22","guid":{"rendered":"https:\/\/www.website.com\/?page_id=3540"},"modified":"2026-04-29T13:43:39","modified_gmt":"2026-04-29T13:43:39","slug":"privacy-policy","status":"publish","type":"page","link":"https:\/\/claseazul.com\/es\/privacy-policy\/","title":{"rendered":"Pol\u00edtica de Privacidad"},"content":{"rendered":"<div class=\"faq\"  id=\"azds\/faq-block_8d2ad089d9a511bbed394d13769c4cbb\" >\n    <div class=\"container\">\n                    <h2 class=\"faq__title\">Pol\u00edtica de Privacidad<\/h2>\n        \n                    <div class=\"faq__items\" data-faq-accordion>\n                                    <details class=\"faq__item\" name=\"faq\">\n                        <summary class=\"faq__summary\">\n                            <span class=\"faq__question\">1. Pol\u00edtica de privacidad<\/span>\n                            <span class=\"faq__icon\" aria-hidden=\"true\"><\/span>\n                        <\/summary>\n                        <div class=\"faq__answer\">La presente Pol\u00edtica de Privacidad tiene como objeto informarle sobre el tratamiento que se le dar\u00e1 a sus datos personales, cuando son recabados, utilizados, almacenados y\/o transferidos por Casa Tradici\u00f3n, S.A. De C.V., o sus filiales (Tequilas Premium, Inc. y Clase Azul Europe, S.L.) desde ahora \u201cClase Azul M\u00e9xico\u201d quien es el Responsable del tratamiento de sus datos personales. Los datos personales ser\u00e1n proporcionados por usted como cliente o usuario, con la finalidad de que pueda ingresar mediante su navegador y tener acceso a los servicios e informaci\u00f3n que \u201cClase Azul M\u00e9xico&#8221; pone a su disposici\u00f3n a trav\u00e9s de su sitio web.<\/div>\n                    <\/details>\n                                    <details class=\"faq__item\" name=\"faq\">\n                        <summary class=\"faq__summary\">\n                            <span class=\"faq__question\">2. Informaci\u00f3n que recopilamos<\/span>\n                            <span class=\"faq__icon\" aria-hidden=\"true\"><\/span>\n                        <\/summary>\n                        <div class=\"faq__answer\">Clase Azul M\u00e9xico a trav\u00e9s de su pol\u00edtica de privacidad tiene el prop\u00f3sito de procesar los datos personales de sus clientes y\/o visitantes con el fin de proporcionarle el mejor servicio posible. Recopilamos, almacenamos, procesamos, usamos y revelamos informaci\u00f3n personal sobre usted en relaci\u00f3n con el uso de Nuestros productos y\/o servicios ofrecidos por Clase Azul M\u00e9xico en su sitio web. Esta Pol\u00edtica describe c\u00f3mo Clase Azul M\u00e9xico utiliza su informaci\u00f3n personal en funci\u00f3n de la informaci\u00f3n y presentaci\u00f3n de nuestros productos y servicios proporcionados por el Sitio, los datos personales que le conciernen (sus &#8220;Datos personales&#8221;)  recolectados por Clase Azul M\u00e9xico incluyen principalmente:<br \/>\r\n<br \/>\r\n1. Sus datos de identidad y contacto, como su nombre, apellidos, direcci\u00f3n de correo electr\u00f3nico, tel\u00e9fono m\u00f3vil, c\u00f3digo postal, direcci\u00f3n, idioma, cumplea\u00f1os.<br \/>\r\n<br \/>\r\n2. La informaci\u00f3n t\u00e9cnica recopilada que puede ser la direcci\u00f3n IP, los registros de conexi\u00f3n (informaci\u00f3n est\u00e1ndar de la web, como el tipo de  navegador y las p\u00e1ginas a las que accede), la informaci\u00f3n que comunica mientras utiliza nuestro Centro de Servicios, as\u00ed como cualquier otra informaci\u00f3n que pueda revelar cuando se ponga en contacto con nosotros.<br \/>\r\n<br \/>\r\n3. Datos relativos a sus h\u00e1bitos o preferencias, incluidos los h\u00e1bitos de navegaci\u00f3n, las preferencias de notificaci\u00f3n (correo electr\u00f3nico\/tel\u00e9fono), o cualquier solicitud realizada por el consumidor a nuestro Centro de Servicios, y cualquier seguimiento correlativo.<br \/>\r\n<br \/>\r\n4. Datos relativos a su historial de afiliaci\u00f3n, como compras, cantidades, precio, estado de afiliaci\u00f3n y datos de localizaci\u00f3n.<br \/>\r\n<br \/>\r\n5. Cookies, rastreadores y tecnolog\u00edas de seguimiento similares para comprender c\u00f3mo utiliza usted nuestros productos y proporcionarle funciones y ofertas. Las cookies se utilizan para recopilar los identificadores de su dispositivo y otra informaci\u00f3n como la direcci\u00f3n del Protocolo de Internet (IP), los registros y las p\u00e1ginas web en las que se ha hecho click.<br \/>\r\n<br \/>\r\nEn la medida en que lo permita la legislaci\u00f3n aplicable, podemos combinar la informaci\u00f3n recolectada. Los datos personales que son obligatorios para que Clase Azul M\u00e9xico pueda cumplir con las finalidades que se describen a continuaci\u00f3n, est\u00e1n marcados con un asterisco en las distintas secciones del Sitio. Si no rellena estos campos obligatorios, Clase Azul M\u00e9xico no podr\u00e1 atender sus demandas y\/o prestarle los servicios solicitados. Los dem\u00e1s datos personales son puramente opcionales y nos permiten conocerle mejor y mejorar nuestras comunicaciones y ofertas en consecuencia.<br \/>\r\n<br \/>\r\nClase Azul M\u00e9xico NO recolecta ninguna informaci\u00f3n financiera o crediticia de ning\u00fan usuario o visitante. Nuestro sitio web no cuenta con el servicio de venta de producto.<\/div>\n                    <\/details>\n                                    <details class=\"faq__item\" name=\"faq\">\n                        <summary class=\"faq__summary\">\n                            <span class=\"faq__question\">3. Fines de tratamiento<\/span>\n                            <span class=\"faq__icon\" aria-hidden=\"true\"><\/span>\n                        <\/summary>\n                        <div class=\"faq__answer\">Utilizamos y procesamos sus datos personales para los fines que se describen a continuaci\u00f3n:<br \/>\r\n<br \/>\r\n1. Control de la edad legal.<br \/>\r\n<br \/>\r\n2. Crear su cuenta y gestionar su identificaci\u00f3n.<br \/>\r\n<br \/>\r\n3. Proporcionar cualquier servicio que haya solicitado, la tramitaci\u00f3n y gesti\u00f3n de su registro, su seguimiento, as\u00ed como cualquier oferta personalizada.<br \/>\r\n<br \/>\r\n4. Responder a sus peticiones, comentarios y preguntas.<br \/>\r\n<br \/>\r\n5. Facilitar el uso de nuestro sitio y personalizar su experiencia en nuestro sitio y nuestros productos de acuerdo con sus intereses.<br \/>\r\n<br \/>\r\n6. Realizar estad\u00edsticas an\u00f3nimas relativas a la actividad del sitio para medir, en particular, la satisfacci\u00f3n y la calidad de los servicios y permitir as\u00ed la mejora y la optimizaci\u00f3n del sitio.<br \/>\r\n<br \/>\r\n7. Enviar comunicaciones promocionales o comerciales sobre nuestros productos que puedan ser de su inter\u00e9s, siempre que haya dado su consentimiento previo o haya pedido previamente un producto o servicio similar en el sitio.<br \/>\r\n<br \/>\r\n8. Oportunidad de mejora en la visita a nuestro sitio y proporcionar apoyo t\u00e9cnico.<br \/>\r\n<br \/>\r\n9. Administrar la plataforma de servicios, incluidos los sistemas de soporte y seguridad.<br \/>\r\n<br \/>\r\n10. Prevenir, investigar y responder a: fraude, acceso a o uso no autorizado de nuestros servicios, incumplimientos de t\u00e9rminos y pol\u00edticas u otro comportamiento il\u00edcito.<br \/>\r\n<br \/>\r\n11. Cumplir con las obligaciones legales.<br \/>\r\n<br \/>\r\n12. Cumplir con los periodos de retenci\u00f3n legales.<br \/>\r\n<br \/>\r\n13. Establecer, ejercer o defender nuestros derechos en reclamaciones legales.<br \/>\r\n<br \/>\r\nNO trataremos sus datos personales de forma incompatible con los fines para los que han sido recolectados o posteriormente autorizados por usted, ni recogeremos ning\u00fan dato personal que no sea necesario para los fines mencionados. Para cualquier nueva finalidad de tratamiento, le pediremos su consentimiento por separado. En la medida en que sea necesario, tomamos todas las medidas razonables para garantizar los principios de licitud, consentimiento, informaci\u00f3n, calidad, finalidad, lealtad, proporcionalidad y responsabilidad.<\/div>\n                    <\/details>\n                                    <details class=\"faq__item\" name=\"faq\">\n                        <summary class=\"faq__summary\">\n                            <span class=\"faq__question\">4. Sus derechos<\/span>\n                            <span class=\"faq__icon\" aria-hidden=\"true\"><\/span>\n                        <\/summary>\n                        <div class=\"faq__answer\">De acuerdo con las leyes y reglamentos aplicables en materia de protecci\u00f3n de datos (consulte la legislaci\u00f3n aplicable seg\u00fan su Pa\u00eds, en el apartado n\u00famero 7 de la presente pol\u00edtica de privacidad), usted tiene derecho a solicitar  el acceso, la rectificaci\u00f3n o la eliminaci\u00f3n de sus Datos Personales, o a solicitar la restricci\u00f3n del tratamiento, y a oponerse a dicho tratamiento, as\u00ed como el derecho a la portabilidad de los datos en la medida en que sea aplicable, con  sujeci\u00f3n a cualquier motivo leg\u00edtimo imperioso que Clase Azul M\u00e9xico (incluidas sus filiales) pueda invocar para conservar sus datos personales.<br \/>\r\n<br \/>\r\n Cualquier visitante podr\u00e1 ejercer los derechos de acceso, rectificaci\u00f3n, cancelaci\u00f3n y oposici\u00f3n previstos en la legislaci\u00f3n aplicable. El ejercicio de cualquiera de ellos no es requisito previo ni impide el ejercicio de otro. Los datos personales deben ser resguardados de tal manera que permitan el ejercicio sin dilaci\u00f3n de estos derechos.<br \/>\r\n<br \/>\r\nPuede solicitar en cualquier momento que dejemos de enviarle informaci\u00f3n sobre nuestras noticias y eventos,  utilizando el enlace de exclusi\u00f3n que se inserta en cada correo electr\u00f3nico que le enviamos.<br \/>\r\n<br \/>\r\nAdem\u00e1s, tiene derecho a presentar una reclamaci\u00f3n ante la autoridad local de protecci\u00f3n de datos sobre cualquiera de nuestras actividades que considere que no cumple la legislaci\u00f3n aplicable.<\/div>\n                    <\/details>\n                                    <details class=\"faq__item\" name=\"faq\">\n                        <summary class=\"faq__summary\">\n                            <span class=\"faq__question\">5. Transferencia de datos personales y medidas de seguridad<\/span>\n                            <span class=\"faq__icon\" aria-hidden=\"true\"><\/span>\n                        <\/summary>\n                        <div class=\"faq__answer\">Clase Azul M\u00e9xico NO vende, alquila o cede sus datos personales a terceros. Adem\u00e1s, Clase Azul M\u00e9xico NO comparte sus datos personales con otros, salvo en los casos descritos a continuaci\u00f3n:<br \/>\r\n<br \/>\r\n1. Nuestros proveedores de servicios, como proveedores de servicios de entrega, equipo de TI y servicios al cliente.<br \/>\r\n<br \/>\r\n2. Todas las filiales que forman parte del grupo Clase Azul M\u00e9xico.<br \/>\r\n<br \/>\r\n3. A terceros, en caso de un cambio de control, si vendemos o transferimos de otro modo parte o la totalidad del grupo Clase Azul M\u00e9xico o nuestros activos a otra empresa.<br \/>\r\n<br \/>\r\n4. A las fuerzas del orden, a las autoridades p\u00fablicas o a otras organizaciones si la ley lo exige.<br \/>\r\n<br \/>\r\nClase Azul M\u00e9xico o los proveedores de servicios mencionados en la presente pol\u00edtica de privacidad, podr\u00e1n transferir la informaci\u00f3n recopilada sobre usted, a terceros nacionales o extranjeros distintos.<br \/>\r\n<br \/>\r\nCiertos datos personales pueden ser transferidos o ser accesibles a afiliados situados fuera de su  pa\u00eds de residencia, lo que no garantiza el mismo nivel de protecci\u00f3n equivalente al vigente en su pa\u00eds. En este caso, cualquier transferencia de sus datos personales fuera de su pa\u00eds de residencia s\u00f3lo tendr\u00e1 lugar a condici\u00f3n de que el titular acepte o no la transferencia y de que existan las garant\u00edas legales adecuadas. Si desea obtener m\u00e1s informaci\u00f3n, puede ponerse en contacto con nosotros enviando una solicitud a la siguiente direcci\u00f3n arco@claseazul.com.<br \/>\r\n<br \/>\r\nUtilizamos medidas de seguridad de la informaci\u00f3n razonables y apropiadas para ayudar a mantener la seguridad de la informaci\u00f3n recopilada a trav\u00e9s del Sitio y tomamos medidas razonables para verificar su identidad antes de concederle acceso a su cuenta.  <br \/>\r\n<br \/>\r\nUtilizamos las siguientes medidas de seguridad:<br \/>\r\n<br \/>\r\n1. Encriptaci\u00f3n de sus datos personales en tr\u00e1nsito y en reposo.<br \/>\r\n<br \/>\r\n2. Escaneo regular de vulnerabilidades y pruebas de penetraci\u00f3n.<br \/>\r\n<br \/>\r\n3. Medidas organizativas (control de acceso, restricci\u00f3n de acceso).<br \/>\r\n<br \/>\r\n4. Realizaci\u00f3n de evaluaciones peri\u00f3dicas del impacto de la protecci\u00f3n de datos y auditor\u00eda de la privacidad.<\/div>\n                    <\/details>\n                                    <details class=\"faq__item\" name=\"faq\">\n                        <summary class=\"faq__summary\">\n                            <span class=\"faq__question\">6. Conservaci\u00f3n de datos<\/span>\n                            <span class=\"faq__icon\" aria-hidden=\"true\"><\/span>\n                        <\/summary>\n                        <div class=\"faq__answer\">Conservaremos sus datos personales mientras su cuenta est\u00e9 activa o sea necesaria para proporcionarle servicios y ofertas, y s\u00f3lo durante el tiempo que sea necesario en relaci\u00f3n con los fines de tratamiento identificados en esta Pol\u00edtica de Privacidad. La informaci\u00f3n que recibimos sobre usted puede conservarse durante un per\u00edodo de tiempo m\u00e1s largo cuando sea objeto de una obligaci\u00f3n legal, una investigaci\u00f3n o para evitar da\u00f1os.<br \/>\r\n<br \/>\r\n1. Los datos del usuario (como los datos de contacto) ser\u00e1n conservados por Clase Azul M\u00e9xico durante el tiempo estrictamente necesario para la gesti\u00f3n de la relaci\u00f3n comercial. Sin embargo, al finalizar la relaci\u00f3n comercial, estos datos podr\u00e1n ser archivados durante un periodo de 1 (un) a\u00f1o, a efectos de establecer la  existencia de un contrato o un derecho. Transcurrido ese periodo, los datos se eliminan.<br \/>\r\n<br \/>\r\n2. Los datos de los prospectos relativos a los detalles de contacto (como el nombre, la direcci\u00f3n y el correo electr\u00f3nico) se conservar\u00e1n durante un periodo de 1 (un) a\u00f1o tras la recolecci\u00f3n de los datos o tras el \u00faltimo contacto  recibido del prospecto. Transcurrido ese periodo, los datos se eliminar\u00e1n.<br \/>\r\n<br \/>\r\n3. Los Datos Personales que se recolectan y procesan en la secci\u00f3n &#8220;Cont\u00e1ctenos&#8221;, &#8220;Centro de servicios&#8221; y\/o  similares, s\u00f3lo se conservar\u00e1n durante un periodo de 1 (un) a\u00f1o. Transcurrido ese periodo, se eliminar\u00e1n.<br \/>\r\n<br \/>\r\n4. Los registros de conexi\u00f3n que se recopilan, previo consentimiento del usuario, utilizando las cookies, los rastreadores y otras tecnolog\u00edas de seguimiento similares implementadas en nuestro Sitio, se conservar\u00e1n de acuerdo con las leyes y reglamentos aplicables durante un per\u00edodo de tiempo que no supere los 2 a\u00f1os.<\/div>\n                    <\/details>\n                                    <details class=\"faq__item\" name=\"faq\">\n                        <summary class=\"faq__summary\">\n                            <span class=\"faq__question\">7. Qui\u00e9n guarda sus datos y la legislaci\u00f3n aplicable<\/span>\n                            <span class=\"faq__icon\" aria-hidden=\"true\"><\/span>\n                        <\/summary>\n                        <div class=\"faq__answer\">Las filiales que forman parte de Clase Azul M\u00e9xico, son las responsables de retener y procesar su informaci\u00f3n, aplicando la legislaci\u00f3n correspondiente a su jurisdicci\u00f3n:<br \/>\r\n<br \/>\r\nSi usted se encuentra en los Estados Unidos de Am\u00e9rica, Canad\u00e1, la empresa responsable de la recepci\u00f3n de su informaci\u00f3n personal es Tequilas Premium, Inc., usted puede ejercer sus derechos utilizando la configuraci\u00f3n de su cuenta o simplemente escribi\u00e9ndonos a la siguiente direcci\u00f3n: arco@tequilaspremium.com.<br \/>\r\n<br \/>\r\nSi usted se encuentra en M\u00e9xico, Asia, Canad\u00e1, Australia, Sudam\u00e9rica, Centroam\u00e9rica, la empresa responsable de la recepci\u00f3n de sus datos personales es Casa Tradici\u00f3n, S.A. de C.V., puede ejercer sus derechos mediante la      configuraci\u00f3n de su cuenta o simplemente escribi\u00e9ndonos a la siguiente direcci\u00f3n: arco@claseazul.com.<br \/>\r\n<br \/>\r\nSi se encuentra en la Uni\u00f3n Europea, Sud\u00e1frica, India, la empresa responsable de la recepci\u00f3n de sus datos personales es Clase Azul Europe, S.L., puede ejercer sus derechos mediante la configuraci\u00f3n de su cuenta o simplemente escribi\u00e9ndonos a la siguiente direcci\u00f3n: arco@claseazuleurope.com. <\/div>\n                    <\/details>\n                                    <details class=\"faq__item\" name=\"faq\">\n                        <summary class=\"faq__summary\">\n                            <span class=\"faq__question\">8. Privacidad de los ni\u00f1os<\/span>\n                            <span class=\"faq__icon\" aria-hidden=\"true\"><\/span>\n                        <\/summary>\n                        <div class=\"faq__answer\">Clase Azul M\u00e9xico no est\u00e1 dirigida a usuarios menores de la edad legal para beber. Si usted es menor de esta edad legal, dependiendo de su pa\u00eds, no puede utilizar nuestro sitio. Si usted es un padre o tutor y cree que podemos haber recopilado informaci\u00f3n sobre un ni\u00f1o, p\u00f3ngase en contacto con nosotros.<\/div>\n                    <\/details>\n                                    <details class=\"faq__item\" name=\"faq\">\n                        <summary class=\"faq__summary\">\n                            <span class=\"faq__question\">9. Cambios en nuestra pol\u00edtica de privacidad<\/span>\n                            <span class=\"faq__icon\" aria-hidden=\"true\"><\/span>\n                        <\/summary>\n                        <div class=\"faq__answer\">Clase Azul M\u00e9xico puede modificar o actualizar esta Pol\u00edtica de Privacidad de vez en cuando, por favor rev\u00edsela peri\u00f3dicamente. Podemos proporcionarle formas adicionales de notificaci\u00f3n de modificaciones o actualizaciones, seg\u00fan las circunstancias.<\/div>\n                    <\/details>\n                            <\/div>\n            <\/div>\n<\/div>","protected":false},"excerpt":{"rendered":"","protected":false},"author":16,"featured_media":0,"parent":0,"menu_order":0,"comment_status":"closed","ping_status":"closed","template":"","meta":{"_acf_changed":false,"footnotes":""},"class_list":["post-3540","page","type-page","status-publish","hentry"],"acf":[],"yoast_head":"<!-- This site is optimized with the Yoast SEO plugin v26.2 - https:\/\/yoast.com\/wordpress\/plugins\/seo\/ -->\n<title>Pol\u00edtica de Privacidad - Clase Azul M\u00e9xico<\/title>\n<meta name=\"robots\" content=\"index, follow, max-snippet:-1, max-image-preview:large, max-video-preview:-1\" \/>\n<link rel=\"canonical\" href=\"https:\/\/claseazul.com\/es\/privacy-policy\/\" \/>\n<meta property=\"og:locale\" content=\"es_ES\" \/>\n<meta property=\"og:type\" content=\"article\" \/>\n<meta property=\"og:title\" content=\"Pol\u00edtica de Privacidad - Clase Azul M\u00e9xico\" \/>\n<meta property=\"og:url\" content=\"https:\/\/claseazul.com\/es\/privacy-policy\/\" \/>\n<meta property=\"og:site_name\" content=\"Clase Azul M\u00e9xico\" \/>\n<meta property=\"article:modified_time\" content=\"2026-04-29T13:43:39+00:00\" \/>\n<meta name=\"twitter:card\" content=\"summary_large_image\" \/>\n<script type=\"application\/ld+json\" class=\"yoast-schema-graph\">{\"@context\":\"https:\/\/schema.org\",\"@graph\":[{\"@type\":\"WebPage\",\"@id\":\"https:\/\/claseazul.com\/es\/privacy-policy\/\",\"url\":\"https:\/\/claseazul.com\/es\/privacy-policy\/\",\"name\":\"Pol\u00edtica de Privacidad - Clase Azul M\u00e9xico\",\"isPartOf\":{\"@id\":\"https:\/\/claseazul.com\/es\/#website\"},\"datePublished\":\"2026-04-29T13:28:22+00:00\",\"dateModified\":\"2026-04-29T13:43:39+00:00\",\"breadcrumb\":{\"@id\":\"https:\/\/claseazul.com\/es\/privacy-policy\/#breadcrumb\"},\"inLanguage\":\"es-ES\",\"potentialAction\":[{\"@type\":\"ReadAction\",\"target\":[\"https:\/\/claseazul.com\/es\/privacy-policy\/\"]}]},{\"@type\":\"BreadcrumbList\",\"@id\":\"https:\/\/claseazul.com\/es\/privacy-policy\/#breadcrumb\",\"itemListElement\":[{\"@type\":\"ListItem\",\"position\":1,\"name\":\"Home\",\"item\":\"https:\/\/claseazul.com\/es\/\"},{\"@type\":\"ListItem\",\"position\":2,\"name\":\"Pol\u00edtica de Privacidad\"}]},{\"@type\":\"WebSite\",\"@id\":\"https:\/\/claseazul.com\/es\/#website\",\"url\":\"https:\/\/claseazul.com\/es\/\",\"name\":\"Clase Azul M\u00e9xico\",\"description\":\"\",\"potentialAction\":[{\"@type\":\"SearchAction\",\"target\":{\"@type\":\"EntryPoint\",\"urlTemplate\":\"https:\/\/claseazul.com\/es\/?s={search_term_string}\"},\"query-input\":{\"@type\":\"PropertyValueSpecification\",\"valueRequired\":true,\"valueName\":\"search_term_string\"}}],\"inLanguage\":\"es-ES\"}]}<\/script>\n<!-- \/ Yoast SEO plugin. -->","yoast_head_json":{"title":"Pol\u00edtica de Privacidad - Clase Azul M\u00e9xico","robots":{"index":"index","follow":"follow","max-snippet":"max-snippet:-1","max-image-preview":"max-image-preview:large","max-video-preview":"max-video-preview:-1"},"canonical":"https:\/\/claseazul.com\/es\/privacy-policy\/","og_locale":"es_ES","og_type":"article","og_title":"Pol\u00edtica de Privacidad - Clase Azul M\u00e9xico","og_url":"https:\/\/claseazul.com\/es\/privacy-policy\/","og_site_name":"Clase Azul M\u00e9xico","article_modified_time":"2026-04-29T13:43:39+00:00","twitter_card":"summary_large_image","schema":{"@context":"https:\/\/schema.org","@graph":[{"@type":"WebPage","@id":"https:\/\/claseazul.com\/es\/privacy-policy\/","url":"https:\/\/claseazul.com\/es\/privacy-policy\/","name":"Pol\u00edtica de Privacidad - Clase Azul M\u00e9xico","isPartOf":{"@id":"https:\/\/claseazul.com\/es\/#website"},"datePublished":"2026-04-29T13:28:22+00:00","dateModified":"2026-04-29T13:43:39+00:00","breadcrumb":{"@id":"https:\/\/claseazul.com\/es\/privacy-policy\/#breadcrumb"},"inLanguage":"es-ES","potentialAction":[{"@type":"ReadAction","target":["https:\/\/claseazul.com\/es\/privacy-policy\/"]}]},{"@type":"BreadcrumbList","@id":"https:\/\/claseazul.com\/es\/privacy-policy\/#breadcrumb","itemListElement":[{"@type":"ListItem","position":1,"name":"Home","item":"https:\/\/claseazul.com\/es\/"},{"@type":"ListItem","position":2,"name":"Pol\u00edtica de Privacidad"}]},{"@type":"WebSite","@id":"https:\/\/claseazul.com\/es\/#website","url":"https:\/\/claseazul.com\/es\/","name":"Clase Azul M\u00e9xico","description":"","potentialAction":[{"@type":"SearchAction","target":{"@type":"EntryPoint","urlTemplate":"https:\/\/claseazul.com\/es\/?s={search_term_string}"},"query-input":{"@type":"PropertyValueSpecification","valueRequired":true,"valueName":"search_term_string"}}],"inLanguage":"es-ES"}]}},"_links":{"self":[{"href":"https:\/\/claseazul.com\/es\/wp-json\/wp\/v2\/pages\/3540","targetHints":{"allow":["GET"]}}],"collection":[{"href":"https:\/\/claseazul.com\/es\/wp-json\/wp\/v2\/pages"}],"about":[{"href":"https:\/\/claseazul.com\/es\/wp-json\/wp\/v2\/types\/page"}],"author":[{"embeddable":true,"href":"https:\/\/claseazul.com\/es\/wp-json\/wp\/v2\/users\/16"}],"replies":[{"embeddable":true,"href":"https:\/\/claseazul.com\/es\/wp-json\/wp\/v2\/comments?post=3540"}],"version-history":[{"count":1,"href":"https:\/\/claseazul.com\/es\/wp-json\/wp\/v2\/pages\/3540\/revisions"}],"predecessor-version":[{"id":3541,"href":"https:\/\/claseazul.com\/es\/wp-json\/wp\/v2\/pages\/3540\/revisions\/3541"}],"wp:attachment":[{"href":"https:\/\/claseazul.com\/es\/wp-json\/wp\/v2\/media?parent=3540"}],"curies":[{"name":"wp","href":"https:\/\/api.w.org\/{rel}","templated":true}]}}