{"id":4686,"date":"2026-04-28T21:57:30","date_gmt":"2026-04-28T21:57:30","guid":{"rendered":"https:\/\/www.website.com\/our-spirits\/"},"modified":"2026-05-04T13:44:28","modified_gmt":"2026-05-04T13:44:28","slug":"our-spirits","status":"publish","type":"page","link":"https:\/\/claseazul.com\/es\/our-spirits\/","title":{"rendered":"Our Spirits"},"content":{"rendered":"\n<div class=\"hero-text is-sticky\" id=\"azds\/hero-text-block_53a3f76199b2030b61d50f91b2748b36\">\n    <div class=\"hero-text__inner\">\n                    <div class=\"hero-text__subheader\">Claze Azul M\u00e9xico<\/div>\n                <h1 class=\"hero-text__title\"><p>Nuestros <em>destilados<\/em><\/p>\n<\/h1>\n                    <div class=\"hero-text__description\">\n                <p>Nuestros destilados nacen de la tierra que habitamos, concebidos como expresi\u00f3nes de origen que revelan las historias de nuestra cultura.<\/p>\n\n            <\/div>\n                    <\/div>\n<\/div>\n\n\n\n<section class=\"hero-media-split\"  id=\"azds\/hero-media-split-block_758a77a467eb3ff46ece80ab28dd8508\" >\n    <div class=\"hero-media-split__grid\">\n                                            <article\n                class=\"hero-media-split__panel hero-media-split__panel--has-media hero-media-split__panel--expanded hero-media-split__panel--with-description\"\n            >\n                                    <div class=\"hero-media-split__media\">\n                        \n\n\n        \n\n\n    \n\n<picture>\n    <source\n                        srcset=\"https:\/\/s3.amazonaws.com\/uploads.claseazul-staging-assets\/uploads\/2026\/04\/29183835\/CAM-Icons-hero-232x300.jpg 232w, https:\/\/s3.amazonaws.com\/uploads.claseazul-staging-assets\/uploads\/2026\/04\/29183835\/CAM-Icons-hero-792x1024.jpg 792w, https:\/\/s3.amazonaws.com\/uploads.claseazul-staging-assets\/uploads\/2026\/04\/29183835\/CAM-Icons-hero-768x993.jpg 768w, https:\/\/s3.amazonaws.com\/uploads.claseazul-staging-assets\/uploads\/2026\/04\/29183835\/CAM-Icons-hero-600x776.jpg 600w, https:\/\/s3.amazonaws.com\/uploads.claseazul-staging-assets\/uploads\/2026\/04\/29183835\/CAM-Icons-hero.jpg 864w\"\n                sizes=\"(max-width: 768px) 100vw, 50vw\"        data-alt-desktop=\"Textural, decorative image\"\n    \/>\n        \n<img\n    class=\" hero-media-split__media-img\"    src=\"https:\/\/s3.amazonaws.com\/uploads.claseazul-staging-assets\/uploads\/2026\/04\/29183835\/CAM-Icons-hero.jpg\"\n    srcset=\"https:\/\/s3.amazonaws.com\/uploads.claseazul-staging-assets\/uploads\/2026\/04\/29183835\/CAM-Icons-hero-232x300.jpg 232w, https:\/\/s3.amazonaws.com\/uploads.claseazul-staging-assets\/uploads\/2026\/04\/29183835\/CAM-Icons-hero-792x1024.jpg 792w, https:\/\/s3.amazonaws.com\/uploads.claseazul-staging-assets\/uploads\/2026\/04\/29183835\/CAM-Icons-hero-768x993.jpg 768w, https:\/\/s3.amazonaws.com\/uploads.claseazul-staging-assets\/uploads\/2026\/04\/29183835\/CAM-Icons-hero-600x776.jpg 600w, https:\/\/s3.amazonaws.com\/uploads.claseazul-staging-assets\/uploads\/2026\/04\/29183835\/CAM-Icons-hero.jpg 864w\"    sizes=\"auto, (max-width: 768px) 100vw, 50vw\"    width=\"864\"    height=\"1117\"    loading=\"lazy\"\n    decoding=\"async\"\n    fetchpriority=\"auto\"\n    alt=\"Textural, decorative image\"\n        data-breakpoint=\"768\"\n    \/>\n<\/picture>\n\n\n                        <div class=\"hero-media-split__scrim\" aria-hidden=\"true\"><\/div>\n                    <\/div>\n                \n                <div class=\"hero-media-split__content\">\n                    \n                    <div class=\"hero-media-split__bottom\">\n                        <div class=\"hero-media-split__copy\">\n                                                                                        <h2 class=\"hero-media-split__title\">\u00cdconos<\/h2>\n                                                                                        <div class=\"hero-media-split__description\">Nuestros \u00edconos re\u00fanen el tequila y el mezcal como expresiones aut\u00e9nticas de la artesan\u00eda y la cultura mexicanas.<\/div>\n                                                    <\/div>\n\n                                                    <div class=\"hero-media-split__actions\">\n                                <a\n                                    href=\"https:\/\/claseazul.com\/es\/our-spirits\/icons\/\"\n                                    class=\"c-button c-button--fill-on-dark hero-media-split__cta\"\n                                    \n                                    aria-label=\"Descubrir m\u00e1s\"\n                                >\n                                    Descubrir m\u00e1s\n                                <\/a>\n                            <\/div>\n                                            <\/div>\n                <\/div>\n            <\/article>\n                                            <article\n                class=\"hero-media-split__panel hero-media-split__panel--has-media hero-media-split__panel--expanded hero-media-split__panel--with-description\"\n            >\n                                    <div class=\"hero-media-split__media\">\n                        \n\n\n        \n\n\n    \n\n<picture>\n    <source\n                        srcset=\"https:\/\/s3.amazonaws.com\/uploads.claseazul-staging-assets\/uploads\/2026\/04\/29183902\/CAM-Limited-Editions-hero-232x300.jpg 232w, https:\/\/s3.amazonaws.com\/uploads.claseazul-staging-assets\/uploads\/2026\/04\/29183902\/CAM-Limited-Editions-hero-792x1024.jpg 792w, https:\/\/s3.amazonaws.com\/uploads.claseazul-staging-assets\/uploads\/2026\/04\/29183902\/CAM-Limited-Editions-hero-768x993.jpg 768w, https:\/\/s3.amazonaws.com\/uploads.claseazul-staging-assets\/uploads\/2026\/04\/29183902\/CAM-Limited-Editions-hero-600x776.jpg 600w, https:\/\/s3.amazonaws.com\/uploads.claseazul-staging-assets\/uploads\/2026\/04\/29183902\/CAM-Limited-Editions-hero.jpg 864w\"\n                sizes=\"(max-width: 768px) 100vw, 50vw\"        data-alt-desktop=\"Textural, decorative image\"\n    \/>\n        \n<img\n    class=\" hero-media-split__media-img\"    src=\"https:\/\/s3.amazonaws.com\/uploads.claseazul-staging-assets\/uploads\/2026\/04\/29183902\/CAM-Limited-Editions-hero.jpg\"\n    srcset=\"https:\/\/s3.amazonaws.com\/uploads.claseazul-staging-assets\/uploads\/2026\/04\/29183902\/CAM-Limited-Editions-hero-232x300.jpg 232w, https:\/\/s3.amazonaws.com\/uploads.claseazul-staging-assets\/uploads\/2026\/04\/29183902\/CAM-Limited-Editions-hero-792x1024.jpg 792w, https:\/\/s3.amazonaws.com\/uploads.claseazul-staging-assets\/uploads\/2026\/04\/29183902\/CAM-Limited-Editions-hero-768x993.jpg 768w, https:\/\/s3.amazonaws.com\/uploads.claseazul-staging-assets\/uploads\/2026\/04\/29183902\/CAM-Limited-Editions-hero-600x776.jpg 600w, https:\/\/s3.amazonaws.com\/uploads.claseazul-staging-assets\/uploads\/2026\/04\/29183902\/CAM-Limited-Editions-hero.jpg 864w\"    sizes=\"auto, (max-width: 768px) 100vw, 50vw\"    width=\"864\"    height=\"1117\"    loading=\"lazy\"\n    decoding=\"async\"\n    fetchpriority=\"auto\"\n    alt=\"Textural, decorative image\"\n        data-breakpoint=\"768\"\n    \/>\n<\/picture>\n\n\n                        <div class=\"hero-media-split__scrim\" aria-hidden=\"true\"><\/div>\n                    <\/div>\n                \n                <div class=\"hero-media-split__content\">\n                    \n                    <div class=\"hero-media-split__bottom\">\n                        <div class=\"hero-media-split__copy\">\n                                                                                        <h2 class=\"hero-media-split__title\">Ediciones Limitadas<\/h2>\n                                                                                        <div class=\"hero-media-split__description\">Nuestras ediciones limitadas expresan nuestra maestr\u00eda a trav\u00e9s de licoreras y destilados singulares, concebidos como piezas de colecci\u00f3n.<\/div>\n                                                    <\/div>\n\n                                                    <div class=\"hero-media-split__actions\">\n                                <a\n                                    href=\"https:\/\/claseazul.com\/es\/our-spirits\/limited-editions\/\"\n                                    class=\"c-button c-button--fill-on-dark hero-media-split__cta\"\n                                    \n                                    aria-label=\"Descubrir m\u00e1s\"\n                                >\n                                    Descubrir m\u00e1s\n                                <\/a>\n                            <\/div>\n                                            <\/div>\n                <\/div>\n            <\/article>\n            <\/div>\n<\/section>\n\n\n\n<section\n    class=\"newsletter\"\n    id=\"azds\/newsletter-block_e69d3513fbf824d3efd1afe114dc9958\"\n    aria-labelledby=\"azds\/newsletter-block_e69d3513fbf824d3efd1afe114dc9958-heading\"\n    data-success-message=\"&#x00A1;Muchas&#x20;gracias&#x21;&#x20;Suscripci&#x00F3;n&#x20;confirmada\"\n    data-messages=\"&#x7B;&quot;error_email_invalid&quot;&#x3A;&quot;Invalid&#x20;email&#x20;address&quot;&#x7D;\"\n>\n    <div class=\"newsletter__wrapper\">\n        <h2 class=\"newsletter__heading\" id=\"azds\/newsletter-block_e69d3513fbf824d3efd1afe114dc9958-heading\">Reg\u00edstrate para mantenerte conectado<\/h2>\n        <p class=\"newsletter__body\">\u00danete a nuestra lista de correo para mantenerte al d\u00eda con todas las novedades y actualizaciones. No te pierdas lo \u00faltimo.<\/p>        \n<div class=\"wpcf7 no-js\" id=\"wpcf7-f4046-o1\" lang=\"es-ES\" dir=\"ltr\" data-wpcf7-id=\"4046\">\n<div class=\"screen-reader-response\"><p role=\"status\" aria-live=\"polite\" aria-atomic=\"true\"><\/p> <ul aria-hidden=\"true\"><\/ul><\/div>\n<form action=\"\/es\/wp-json\/wp\/v2\/pages\/4686#wpcf7-f4046-o1\" method=\"post\" class=\"wpcf7-form init newsletter-form\" aria-label=\"Contact form\" novalidate=\"novalidate\" data-status=\"init\">\n<fieldset class=\"hidden-fields-container\"><input type=\"hidden\" name=\"_wpcf7\" value=\"4046\" \/><input type=\"hidden\" name=\"_wpcf7_version\" value=\"6.1.2\" \/><input type=\"hidden\" name=\"_wpcf7_locale\" value=\"es_ES\" \/><input type=\"hidden\" name=\"_wpcf7_unit_tag\" value=\"wpcf7-f4046-o1\" \/><input type=\"hidden\" name=\"_wpcf7_container_post\" value=\"0\" \/><input type=\"hidden\" name=\"_wpcf7_posted_data_hash\" value=\"\" \/><input type=\"hidden\" name=\"_wpcf7_recaptcha_response\" value=\"\" \/>\n<\/fieldset>\n<form class=\"newsletter-form\" aria-label=\"Newsletter subscription\">\n    <div class=\"newsletter-form__field newsletter-form__field-email form__field\">\n        <label for=\"email\" class=\"form__label sr-only\">Email Address<\/label>\n        <span class=\"wpcf7-form-control-wrap\" data-name=\"email\"><input size=\"40\" maxlength=\"400\" class=\"wpcf7-form-control wpcf7-email wpcf7-text wpcf7-validates-as-email form__input form__input--text\" id=\"email\" aria-invalid=\"false\" placeholder=\"Email Address\" value=\"\" type=\"email\" name=\"email\" \/><\/span>\n        <span id=\"email-error\" class=\"newsletter__error form__field-error\" role=\"alert\" aria-live=\"polite\" aria-atomic=\"true\"><\/span>\n    <\/div>\n    <button type=\"submit\" class=\"newsletter-form__field newsletter-form__field-submit form__button c-button c-button--outline-default c-button--outline-on-light\" disabled aria-label=\"Subscribe to newsletter\">\n        <span class=\"newsletter-form__field-submit-text\" aria-hidden=\"false\">Subscribe<\/span>\n        <span class=\"newsletter-form__field-submit-busy\" aria-hidden=\"true\">Sending&hellip;<\/span>\n        <span class=\"newsletter-form__field-submit-success\" aria-hidden=\"true\">Subscribed<\/span>\n    <\/button>\n<\/form><div class=\"wpcf7-response-output\" aria-hidden=\"true\"><\/div>\n<\/form>\n<\/div>\n\n    <\/div>\n<\/section>\n","protected":false},"excerpt":{"rendered":"","protected":false},"author":2,"featured_media":0,"parent":0,"menu_order":0,"comment_status":"closed","ping_status":"closed","template":"","meta":{"_acf_changed":false,"footnotes":""},"class_list":["post-4686","page","type-page","status-publish","hentry"],"acf":[],"yoast_head":"<!-- This site is optimized with the Yoast SEO plugin v26.2 - https:\/\/yoast.com\/wordpress\/plugins\/seo\/ -->\n<title>Our Spirits - Clase Azul M\u00e9xico<\/title>\n<meta name=\"description\" content=\"Explore our handcrafted tequilas and mezcals, born of the land and shaped by the artistry of Mexican craftsmanship.\" \/>\n<meta name=\"robots\" content=\"index, follow, max-snippet:-1, max-image-preview:large, max-video-preview:-1\" \/>\n<link rel=\"canonical\" href=\"https:\/\/claseazul.com\/es\/our-spirits\/\" \/>\n<meta property=\"og:locale\" content=\"es_ES\" \/>\n<meta property=\"og:type\" content=\"article\" \/>\n<meta property=\"og:title\" content=\"Our Spirits - Clase Azul M\u00e9xico\" \/>\n<meta property=\"og:description\" content=\"Explore our handcrafted tequilas and mezcals, born of the land and shaped by the artistry of Mexican craftsmanship.\" \/>\n<meta property=\"og:url\" content=\"https:\/\/claseazul.com\/es\/our-spirits\/\" \/>\n<meta property=\"og:site_name\" content=\"Clase Azul M\u00e9xico\" \/>\n<meta property=\"article:modified_time\" content=\"2026-05-04T13:44:28+00:00\" \/>\n<meta name=\"twitter:card\" content=\"summary_large_image\" \/>\n<script type=\"application\/ld+json\" class=\"yoast-schema-graph\">{\"@context\":\"https:\/\/schema.org\",\"@graph\":[{\"@type\":\"WebPage\",\"@id\":\"https:\/\/claseazul.com\/es\/our-spirits\/\",\"url\":\"https:\/\/claseazul.com\/es\/our-spirits\/\",\"name\":\"Our Spirits - Clase Azul M\u00e9xico\",\"isPartOf\":{\"@id\":\"https:\/\/claseazul.com\/es\/#website\"},\"datePublished\":\"2026-04-28T21:57:30+00:00\",\"dateModified\":\"2026-05-04T13:44:28+00:00\",\"description\":\"Explore our handcrafted tequilas and mezcals, born of the land and shaped by the artistry of Mexican craftsmanship.\",\"breadcrumb\":{\"@id\":\"https:\/\/claseazul.com\/es\/our-spirits\/#breadcrumb\"},\"inLanguage\":\"es-ES\",\"potentialAction\":[{\"@type\":\"ReadAction\",\"target\":[\"https:\/\/claseazul.com\/es\/our-spirits\/\"]}]},{\"@type\":\"BreadcrumbList\",\"@id\":\"https:\/\/claseazul.com\/es\/our-spirits\/#breadcrumb\",\"itemListElement\":[{\"@type\":\"ListItem\",\"position\":1,\"name\":\"Home\",\"item\":\"https:\/\/claseazul.com\/es\/\"},{\"@type\":\"ListItem\",\"position\":2,\"name\":\"Our Spirits\"}]},{\"@type\":\"WebSite\",\"@id\":\"https:\/\/claseazul.com\/es\/#website\",\"url\":\"https:\/\/claseazul.com\/es\/\",\"name\":\"Clase Azul M\u00e9xico\",\"description\":\"\",\"potentialAction\":[{\"@type\":\"SearchAction\",\"target\":{\"@type\":\"EntryPoint\",\"urlTemplate\":\"https:\/\/claseazul.com\/es\/?s={search_term_string}\"},\"query-input\":{\"@type\":\"PropertyValueSpecification\",\"valueRequired\":true,\"valueName\":\"search_term_string\"}}],\"inLanguage\":\"es-ES\"}]}<\/script>\n<!-- \/ Yoast SEO plugin. -->","yoast_head_json":{"title":"Our Spirits - Clase Azul M\u00e9xico","description":"Explore our handcrafted tequilas and mezcals, born of the land and shaped by the artistry of Mexican craftsmanship.","robots":{"index":"index","follow":"follow","max-snippet":"max-snippet:-1","max-image-preview":"max-image-preview:large","max-video-preview":"max-video-preview:-1"},"canonical":"https:\/\/claseazul.com\/es\/our-spirits\/","og_locale":"es_ES","og_type":"article","og_title":"Our Spirits - Clase Azul M\u00e9xico","og_description":"Explore our handcrafted tequilas and mezcals, born of the land and shaped by the artistry of Mexican craftsmanship.","og_url":"https:\/\/claseazul.com\/es\/our-spirits\/","og_site_name":"Clase Azul M\u00e9xico","article_modified_time":"2026-05-04T13:44:28+00:00","twitter_card":"summary_large_image","schema":{"@context":"https:\/\/schema.org","@graph":[{"@type":"WebPage","@id":"https:\/\/claseazul.com\/es\/our-spirits\/","url":"https:\/\/claseazul.com\/es\/our-spirits\/","name":"Our Spirits - Clase Azul M\u00e9xico","isPartOf":{"@id":"https:\/\/claseazul.com\/es\/#website"},"datePublished":"2026-04-28T21:57:30+00:00","dateModified":"2026-05-04T13:44:28+00:00","description":"Explore our handcrafted tequilas and mezcals, born of the land and shaped by the artistry of Mexican craftsmanship.","breadcrumb":{"@id":"https:\/\/claseazul.com\/es\/our-spirits\/#breadcrumb"},"inLanguage":"es-ES","potentialAction":[{"@type":"ReadAction","target":["https:\/\/claseazul.com\/es\/our-spirits\/"]}]},{"@type":"BreadcrumbList","@id":"https:\/\/claseazul.com\/es\/our-spirits\/#breadcrumb","itemListElement":[{"@type":"ListItem","position":1,"name":"Home","item":"https:\/\/claseazul.com\/es\/"},{"@type":"ListItem","position":2,"name":"Our Spirits"}]},{"@type":"WebSite","@id":"https:\/\/claseazul.com\/es\/#website","url":"https:\/\/claseazul.com\/es\/","name":"Clase Azul M\u00e9xico","description":"","potentialAction":[{"@type":"SearchAction","target":{"@type":"EntryPoint","urlTemplate":"https:\/\/claseazul.com\/es\/?s={search_term_string}"},"query-input":{"@type":"PropertyValueSpecification","valueRequired":true,"valueName":"search_term_string"}}],"inLanguage":"es-ES"}]}},"_links":{"self":[{"href":"https:\/\/claseazul.com\/es\/wp-json\/wp\/v2\/pages\/4686","targetHints":{"allow":["GET"]}}],"collection":[{"href":"https:\/\/claseazul.com\/es\/wp-json\/wp\/v2\/pages"}],"about":[{"href":"https:\/\/claseazul.com\/es\/wp-json\/wp\/v2\/types\/page"}],"author":[{"embeddable":true,"href":"https:\/\/claseazul.com\/es\/wp-json\/wp\/v2\/users\/2"}],"replies":[{"embeddable":true,"href":"https:\/\/claseazul.com\/es\/wp-json\/wp\/v2\/comments?post=4686"}],"version-history":[{"count":6,"href":"https:\/\/claseazul.com\/es\/wp-json\/wp\/v2\/pages\/4686\/revisions"}],"predecessor-version":[{"id":4924,"href":"https:\/\/claseazul.com\/es\/wp-json\/wp\/v2\/pages\/4686\/revisions\/4924"}],"wp:attachment":[{"href":"https:\/\/claseazul.com\/es\/wp-json\/wp\/v2\/media?parent=4686"}],"curies":[{"name":"wp","href":"https:\/\/api.w.org\/{rel}","templated":true}]}}