{"id":4742,"date":"2026-01-07T20:16:16","date_gmt":"2026-01-07T20:16:16","guid":{"rendered":"https:\/\/www.website.com\/our-community\/"},"modified":"2026-05-01T15:49:54","modified_gmt":"2026-05-01T15:49:54","slug":"our-community","status":"publish","type":"page","link":"https:\/\/claseazul.com\/es\/our-community\/","title":{"rendered":"Our Community"},"content":{"rendered":"<div class=\"hero-carousel\" id=\"azds\/hero-carousel-block_f51ed0cf8b50750c3b9515acbfaca647\">\n            <div class=\"swiper hero-carousel__swiper\">\n            <div class=\"swiper-wrapper\">\n                                                        <div class=\"swiper-slide hero-carousel__slide\">\n                        <div class=\"hero-carousel__media\">\n                            <div class=\"hero-carousel__image-wrapper\" tabindex=\"-1\">\n                                \n\n\n        \n\n\n    \n\n<picture>\n    <source\n                        srcset=\"https:\/\/s3.amazonaws.com\/uploads.claseazul-staging-assets\/uploads\/2026\/02\/29133331\/Community-hero-1-300x169.jpg 300w, https:\/\/s3.amazonaws.com\/uploads.claseazul-staging-assets\/uploads\/2026\/02\/29133331\/Community-hero-1-1024x576.jpg 1024w, https:\/\/s3.amazonaws.com\/uploads.claseazul-staging-assets\/uploads\/2026\/02\/29133331\/Community-hero-1-768x432.jpg 768w, https:\/\/s3.amazonaws.com\/uploads.claseazul-staging-assets\/uploads\/2026\/02\/29133331\/Community-hero-1-1536x864.jpg 1536w, https:\/\/s3.amazonaws.com\/uploads.claseazul-staging-assets\/uploads\/2026\/02\/29133331\/Community-hero-1-600x338.jpg 600w, https:\/\/s3.amazonaws.com\/uploads.claseazul-staging-assets\/uploads\/2026\/02\/29133331\/Community-hero-1.jpg 1920w\"\n                sizes=\"100vw\"        data-alt-desktop=\"\"\n    \/>\n        \n<img\n    class=\" hero-carousel__media\"    src=\"https:\/\/s3.amazonaws.com\/uploads.claseazul-staging-assets\/uploads\/2026\/02\/29133331\/Community-hero-1.jpg\"\n    srcset=\"https:\/\/s3.amazonaws.com\/uploads.claseazul-staging-assets\/uploads\/2026\/02\/29133331\/Community-hero-1-300x169.jpg 300w, https:\/\/s3.amazonaws.com\/uploads.claseazul-staging-assets\/uploads\/2026\/02\/29133331\/Community-hero-1-1024x576.jpg 1024w, https:\/\/s3.amazonaws.com\/uploads.claseazul-staging-assets\/uploads\/2026\/02\/29133331\/Community-hero-1-768x432.jpg 768w, https:\/\/s3.amazonaws.com\/uploads.claseazul-staging-assets\/uploads\/2026\/02\/29133331\/Community-hero-1-1536x864.jpg 1536w, https:\/\/s3.amazonaws.com\/uploads.claseazul-staging-assets\/uploads\/2026\/02\/29133331\/Community-hero-1-600x338.jpg 600w, https:\/\/s3.amazonaws.com\/uploads.claseazul-staging-assets\/uploads\/2026\/02\/29133331\/Community-hero-1.jpg 1920w\"    sizes=\"100vw\"    width=\"1920\"    height=\"1080\"    loading=\"auto\"\n    decoding=\"auto\"\n    fetchpriority=\"high\"\n    alt=\"\"\n        data-breakpoint=\"768\"\n    \/>\n<\/picture>\n\n\n                            <\/div>\n                        <\/div>\n                        <div class=\"hero-carousel__content\">\n                            <div class=\"hero-carousel__content-inner container\">\n                                                                    <h1 class=\"hero-carousel__content-eyebrow\">Lo que te espera<\/h1>                                                                <div class=\"hero-carousel__content-title\">Un hogar para tu coleccion<\/div>\n                                                                    <div class=\"hero-carousel__content-description\">Registra tus licoreras de edici\u00f3n limitada para exhibir tu colecci\u00f3n y recibir certificados de propiedad y autenticidad con respaldo de blockchain.<\/div>\n                                                                                                    <div class=\"hero-carousel__content-control\">\n                                        <a href=\"\/es\/community\/signup\/\"\n                                        class=\"hero-carousel__content-link c-button c-button--outline-on-dark\"\n                                        aria-label=\"\u00danete a la comunidad\"\n                                        \n                                        >\n                                            \u00danete a la comunidad\n                                        <\/a>\n                                    <\/div>\n\n                                                                                            <\/div>\n                        <\/div>\n                    <\/div>\n                                                        <div class=\"swiper-slide hero-carousel__slide\">\n                        <div class=\"hero-carousel__media\">\n                            <div class=\"hero-carousel__image-wrapper\" tabindex=\"-1\">\n                                \n\n\n        \n\n\n    \n\n<picture>\n    <source\n                        srcset=\"https:\/\/s3.amazonaws.com\/uploads.claseazul-staging-assets\/uploads\/2026\/01\/29133326\/Community-2-300x169.jpg 300w, https:\/\/s3.amazonaws.com\/uploads.claseazul-staging-assets\/uploads\/2026\/01\/29133326\/Community-2-1024x576.jpg 1024w, https:\/\/s3.amazonaws.com\/uploads.claseazul-staging-assets\/uploads\/2026\/01\/29133326\/Community-2-768x432.jpg 768w, https:\/\/s3.amazonaws.com\/uploads.claseazul-staging-assets\/uploads\/2026\/01\/29133326\/Community-2-1536x864.jpg 1536w, https:\/\/s3.amazonaws.com\/uploads.claseazul-staging-assets\/uploads\/2026\/01\/29133326\/Community-2-600x338.jpg 600w, https:\/\/s3.amazonaws.com\/uploads.claseazul-staging-assets\/uploads\/2026\/01\/29133326\/Community-2.jpg 1920w\"\n                sizes=\"100vw\"        data-alt-desktop=\"A banquet table with lit candles, bouquets of red flowers, crystal, and silverware.\"\n    \/>\n        \n<img\n    class=\" hero-carousel__media\"    src=\"https:\/\/s3.amazonaws.com\/uploads.claseazul-staging-assets\/uploads\/2026\/01\/29133326\/Community-2.jpg\"\n    srcset=\"https:\/\/s3.amazonaws.com\/uploads.claseazul-staging-assets\/uploads\/2026\/01\/29133326\/Community-2-300x169.jpg 300w, https:\/\/s3.amazonaws.com\/uploads.claseazul-staging-assets\/uploads\/2026\/01\/29133326\/Community-2-1024x576.jpg 1024w, https:\/\/s3.amazonaws.com\/uploads.claseazul-staging-assets\/uploads\/2026\/01\/29133326\/Community-2-768x432.jpg 768w, https:\/\/s3.amazonaws.com\/uploads.claseazul-staging-assets\/uploads\/2026\/01\/29133326\/Community-2-1536x864.jpg 1536w, https:\/\/s3.amazonaws.com\/uploads.claseazul-staging-assets\/uploads\/2026\/01\/29133326\/Community-2-600x338.jpg 600w, https:\/\/s3.amazonaws.com\/uploads.claseazul-staging-assets\/uploads\/2026\/01\/29133326\/Community-2.jpg 1920w\"    sizes=\"100vw\"    width=\"1920\"    height=\"1080\"    loading=\"auto\"\n    decoding=\"auto\"\n    fetchpriority=\"low\"\n    alt=\"A banquet table with lit candles, bouquets of red flowers, crystal, and silverware.\"\n        data-breakpoint=\"768\"\n    \/>\n<\/picture>\n\n\n                            <\/div>\n                        <\/div>\n                        <div class=\"hero-carousel__content\">\n                            <div class=\"hero-carousel__content-inner container\">\n                                                                    <h2 class=\"hero-carousel__content-eyebrow\">Lo que te espera<\/h2>                                                                <div class=\"hero-carousel__content-title\">Experiencias exclusivas para miembros<\/div>\n                                                                    <div class=\"hero-carousel__content-description\">Vive momentos exclusivos para miembros que dan vida a nuestro mundo mediante encuentros curados, sabores refinados y entornos inspiradores.<\/div>\n                                                                                                    <div class=\"hero-carousel__content-control\">\n                                        <a href=\"\/es\/community\/signup\/\"\n                                        class=\"hero-carousel__content-link c-button c-button--outline-on-dark\"\n                                        aria-label=\"\u00danete a la comunidad\"\n                                        \n                                        >\n                                            \u00danete a la comunidad\n                                        <\/a>\n                                    <\/div>\n\n                                                                                            <\/div>\n                        <\/div>\n                    <\/div>\n                                                        <div class=\"swiper-slide hero-carousel__slide\">\n                        <div class=\"hero-carousel__media\">\n                            <div class=\"hero-carousel__image-wrapper\" tabindex=\"-1\">\n                                \n\n\n                    \n\n\n    \n\n<video\n    id=\"azds\/hero-carousel-block_f51ed0cf8b50750c3b9515acbfaca647-3\"    class=\" hero-carousel__video\"    loop=\"loop\"        autoplay=\"autoplay\"\n    disablepictureinpicture=\"disablepictureinpicture\"\n    muted=\"muted\"\n    playsinline=\"playsinline\"\n    data-poster-desktop=\"https:\/\/s3.amazonaws.com\/uploads.claseazul-staging-assets\/uploads\/2026\/01\/29133328\/Community-3_poster.jpg\"\n            role=\"presentation\"\n                data-fallback\n    >\n    <source\n        src=\"https:\/\/s3.amazonaws.com\/uploads.claseazul-staging-assets\/uploads\/2026\/01\/29133327\/Community-3-1.mp4\"\n        type=\"video\/mp4\"    \/>\n<\/video>\n\n\n<picture>\n    <source\n                        srcset=\"https:\/\/s3.amazonaws.com\/uploads.claseazul-staging-assets\/uploads\/2026\/01\/29133328\/Community-3_poster-300x169.jpg 300w, https:\/\/s3.amazonaws.com\/uploads.claseazul-staging-assets\/uploads\/2026\/01\/29133328\/Community-3_poster-1024x576.jpg 1024w, https:\/\/s3.amazonaws.com\/uploads.claseazul-staging-assets\/uploads\/2026\/01\/29133328\/Community-3_poster-768x432.jpg 768w, https:\/\/s3.amazonaws.com\/uploads.claseazul-staging-assets\/uploads\/2026\/01\/29133328\/Community-3_poster-1536x864.jpg 1536w, https:\/\/s3.amazonaws.com\/uploads.claseazul-staging-assets\/uploads\/2026\/01\/29133328\/Community-3_poster-600x338.jpg 600w, https:\/\/s3.amazonaws.com\/uploads.claseazul-staging-assets\/uploads\/2026\/01\/29133328\/Community-3_poster.jpg 1920w\"\n                sizes=\"100vw\"        data-alt-desktop=\"A black-and-white image of the silhouettes of two people holding a tequila decanter.\"\n    \/>\n        \n<img\n    class=\" hero-carousel__video\"    src=\"https:\/\/s3.amazonaws.com\/uploads.claseazul-staging-assets\/uploads\/2026\/01\/29133328\/Community-3_poster.jpg\"\n    srcset=\"https:\/\/s3.amazonaws.com\/uploads.claseazul-staging-assets\/uploads\/2026\/01\/29133328\/Community-3_poster-300x169.jpg 300w, https:\/\/s3.amazonaws.com\/uploads.claseazul-staging-assets\/uploads\/2026\/01\/29133328\/Community-3_poster-1024x576.jpg 1024w, https:\/\/s3.amazonaws.com\/uploads.claseazul-staging-assets\/uploads\/2026\/01\/29133328\/Community-3_poster-768x432.jpg 768w, https:\/\/s3.amazonaws.com\/uploads.claseazul-staging-assets\/uploads\/2026\/01\/29133328\/Community-3_poster-1536x864.jpg 1536w, https:\/\/s3.amazonaws.com\/uploads.claseazul-staging-assets\/uploads\/2026\/01\/29133328\/Community-3_poster-600x338.jpg 600w, https:\/\/s3.amazonaws.com\/uploads.claseazul-staging-assets\/uploads\/2026\/01\/29133328\/Community-3_poster.jpg 1920w\"    sizes=\"100vw\"    width=\"1920\"    height=\"1080\"    loading=\"auto\"\n    decoding=\"auto\"\n    fetchpriority=\"low\"\n    alt=\"A black-and-white image of the silhouettes of two people holding a tequila decanter.\"\n        data-breakpoint=\"768\"\n    \/>\n<\/picture>\n\n\n                            <\/div>\n                        <\/div>\n                        <div class=\"hero-carousel__content\">\n                            <div class=\"hero-carousel__content-inner container\">\n                                                                    <h2 class=\"hero-carousel__content-eyebrow\">Lo que te espera<\/h2>                                                                <div class=\"hero-carousel__content-title\">Primer acceso a ediciones limitadas<\/div>\n                                                                    <div class=\"hero-carousel__content-description\">Como miembro de la Comunidad Clase Azul, disfrutas acceso anticipado a nuestras creaciones m\u00e1s raras y solicitadas.<\/div>\n                                                                                                    <div class=\"hero-carousel__content-control\">\n                                        <a href=\"\/es\/community\/signup\/\"\n                                        class=\"hero-carousel__content-link c-button c-button--outline-on-dark\"\n                                        aria-label=\"\u00danete a la comunidad\"\n                                        \n                                        >\n                                            \u00danete a la comunidad\n                                        <\/a>\n                                    <\/div>\n\n                                                                                                \n<button\n    class=\"c-button c-button--fill-on-dark c-button--ai-center c-media-control c-media-control--hidden hero-carousel__media-control\"\n    aria-pressed=\"false\"\n    data-video-id=\"azds\/hero-carousel-block_f51ed0cf8b50750c3b9515acbfaca647-3\"\n    data-label-play=\"Play slide 3 video\"\n    data-label-pause=\"Pause slide 3 video\"\n    >\n    <span class=\"visually-hidden c-media-control__label\">Play slide 3 video<\/span>\n    <svg class=\"c-media-control__icon-play\" width=\"24\" height=\"24\" viewBox=\"0 0 24 24\" fill=\"none\" xmlns=\"http:\/\/www.w3.org\/2000\/svg\">\n        <path d=\"M5.5 4.84007V19.1595C5.50212 19.2738 5.53434 19.3855 5.59339 19.4833C5.65245 19.5812 5.73626 19.6617 5.83637 19.7168C5.93648 19.7719 6.04936 19.7997 6.16362 19.7973C6.27788 19.7949 6.38949 19.7624 6.48718 19.7031L18.1936 12.5433C18.2871 12.4868 18.3645 12.407 18.4181 12.3118C18.4718 12.2165 18.5 12.1091 18.5 11.9998C18.5 11.8905 18.4718 11.783 18.4181 11.6878C18.3645 11.5926 18.2871 11.5128 18.1936 11.4562L6.48718 4.29651C6.38949 4.23721 6.27788 4.20471 6.16362 4.20229C6.04936 4.19988 5.93648 4.22763 5.83637 4.28276C5.73626 4.33788 5.65245 4.41843 5.59339 4.51627C5.53434 4.61412 5.50212 4.72581 5.5 4.84007Z\" stroke=\"currentcolor\" stroke-width=\"0.88\" stroke-linecap=\"round\" stroke-linejoin=\"round\"\/>\n    <\/svg>\n    <svg class=\"c-media-control__icon-pause\" width=\"24\" height=\"24\" viewBox=\"0 0 24 24\" fill=\"none\" xmlns=\"http:\/\/www.w3.org\/2000\/svg\">\n        <path d=\"M17.4169 5.37939H14.4075C14.0751 5.37939 13.8057 5.64886 13.8057 5.98126V18.0186C13.8057 18.351 14.0751 18.6205 14.4075 18.6205H17.4169C17.7493 18.6205 18.0187 18.351 18.0187 18.0186V5.98126C18.0187 5.64886 17.7493 5.37939 17.4169 5.37939Z\" stroke=\"currentcolor\" stroke-width=\"0.902802\" stroke-linecap=\"round\" stroke-linejoin=\"round\"\/>\n        <path d=\"M9.59265 5.37939H6.58331C6.25091 5.37939 5.98145 5.64886 5.98145 5.98126V18.0186C5.98145 18.351 6.25091 18.6205 6.58331 18.6205H9.59265C9.92505 18.6205 10.1945 18.351 10.1945 18.0186V5.98126C10.1945 5.64886 9.92505 5.37939 9.59265 5.37939Z\" stroke=\"currentcolor\" stroke-width=\"0.902802\" stroke-linecap=\"round\" stroke-linejoin=\"round\"\/>\n    <\/svg>\n<\/button>\n                                                            <\/div>\n                        <\/div>\n                    <\/div>\n                            <\/div>\n\n                            <div class=\"swiper-pagination hero-carousel__pagination container\"><\/div>\n                    <\/div>\n    <\/div>\n\n\n\n<section\n    class=\"newsletter\"\n    id=\"azds\/newsletter-block_b6c0cf2c6a7148bc4141573db78ec325\"\n    aria-labelledby=\"azds\/newsletter-block_b6c0cf2c6a7148bc4141573db78ec325-heading\"\n    data-success-message=\"&#x00A1;Muchas&#x20;gracias&#x21;&#x20;Suscripci&#x00F3;n&#x20;confirmada\"\n    data-messages=\"&#x7B;&quot;error_email_invalid&quot;&#x3A;&quot;Invalid&#x20;email&#x20;address&quot;&#x7D;\"\n>\n    <div class=\"newsletter__wrapper\">\n        <h2 class=\"newsletter__heading\" id=\"azds\/newsletter-block_b6c0cf2c6a7148bc4141573db78ec325-heading\">Reg\u00edstrate para mantenerte conectado<\/h2>\n        <p class=\"newsletter__body\">\u00danete a nuestra lista de correo para mantenerte al d\u00eda con todas las novedades y actualizaciones. No te pierdas lo \u00faltimo.<\/p>        \n<div class=\"wpcf7 no-js\" id=\"wpcf7-f4046-o1\" lang=\"es-ES\" dir=\"ltr\" data-wpcf7-id=\"4046\">\n<div class=\"screen-reader-response\"><p role=\"status\" aria-live=\"polite\" aria-atomic=\"true\"><\/p> <ul aria-hidden=\"true\"><\/ul><\/div>\n<form action=\"\/es\/wp-json\/wp\/v2\/pages\/4742#wpcf7-f4046-o1\" method=\"post\" class=\"wpcf7-form init newsletter-form\" aria-label=\"Contact form\" novalidate=\"novalidate\" data-status=\"init\">\n<fieldset class=\"hidden-fields-container\"><input type=\"hidden\" name=\"_wpcf7\" value=\"4046\" \/><input type=\"hidden\" name=\"_wpcf7_version\" value=\"6.1.2\" \/><input type=\"hidden\" name=\"_wpcf7_locale\" value=\"es_ES\" \/><input type=\"hidden\" name=\"_wpcf7_unit_tag\" value=\"wpcf7-f4046-o1\" \/><input type=\"hidden\" name=\"_wpcf7_container_post\" value=\"0\" \/><input type=\"hidden\" name=\"_wpcf7_posted_data_hash\" value=\"\" \/><input type=\"hidden\" name=\"_wpcf7_recaptcha_response\" value=\"\" \/>\n<\/fieldset>\n<form class=\"newsletter-form\" aria-label=\"Newsletter subscription\">\n    <div class=\"newsletter-form__field newsletter-form__field-email form__field\">\n        <label for=\"email\" class=\"form__label sr-only\">Email Address<\/label>\n        <span class=\"wpcf7-form-control-wrap\" data-name=\"email\"><input size=\"40\" maxlength=\"400\" class=\"wpcf7-form-control wpcf7-email wpcf7-text wpcf7-validates-as-email form__input form__input--text\" id=\"email\" aria-invalid=\"false\" placeholder=\"Email Address\" value=\"\" type=\"email\" name=\"email\" \/><\/span>\n        <span id=\"email-error\" class=\"newsletter__error form__field-error\" role=\"alert\" aria-live=\"polite\" aria-atomic=\"true\"><\/span>\n    <\/div>\n    <button type=\"submit\" class=\"newsletter-form__field newsletter-form__field-submit form__button c-button c-button--outline-default c-button--outline-on-light\" disabled aria-label=\"Subscribe to newsletter\">\n        <span class=\"newsletter-form__field-submit-text\" aria-hidden=\"false\">Subscribe<\/span>\n        <span class=\"newsletter-form__field-submit-busy\" aria-hidden=\"true\">Sending&hellip;<\/span>\n        <span class=\"newsletter-form__field-submit-success\" aria-hidden=\"true\">Subscribed<\/span>\n    <\/button>\n<\/form><div class=\"wpcf7-response-output\" aria-hidden=\"true\"><\/div>\n<\/form>\n<\/div>\n\n    <\/div>\n<\/section>\n","protected":false},"excerpt":{"rendered":"","protected":false},"author":2,"featured_media":0,"parent":0,"menu_order":0,"comment_status":"closed","ping_status":"closed","template":"","meta":{"_acf_changed":false,"footnotes":""},"class_list":["post-4742","page","type-page","status-publish","hentry"],"acf":[],"yoast_head":"<!-- This site is optimized with the Yoast SEO plugin v26.2 - https:\/\/yoast.com\/wordpress\/plugins\/seo\/ -->\n<title>Collectors Community | Clase Azul M\u00e9xico<\/title>\n<meta name=\"description\" content=\"Become part of the Clase Azul community for early access to rare decanters, private collection showcases, and exclusive member-only curated events.\" \/>\n<meta name=\"robots\" content=\"index, follow, max-snippet:-1, max-image-preview:large, max-video-preview:-1\" \/>\n<link rel=\"canonical\" href=\"https:\/\/claseazul.com\/es\/our-community\/\" \/>\n<meta property=\"og:locale\" content=\"es_ES\" \/>\n<meta property=\"og:type\" content=\"article\" \/>\n<meta property=\"og:title\" content=\"Collectors Community | Clase Azul M\u00e9xico\" \/>\n<meta property=\"og:description\" content=\"Become part of the Clase Azul community for early access to rare decanters, private collection showcases, and exclusive member-only curated events.\" \/>\n<meta property=\"og:url\" content=\"https:\/\/claseazul.com\/es\/our-community\/\" \/>\n<meta property=\"og:site_name\" content=\"Clase Azul M\u00e9xico\" \/>\n<meta property=\"article:modified_time\" content=\"2026-05-01T15:49:54+00:00\" \/>\n<meta name=\"twitter:card\" content=\"summary_large_image\" \/>\n<script type=\"application\/ld+json\" class=\"yoast-schema-graph\">{\"@context\":\"https:\/\/schema.org\",\"@graph\":[{\"@type\":\"WebPage\",\"@id\":\"https:\/\/claseazul.com\/es\/our-community\/\",\"url\":\"https:\/\/claseazul.com\/es\/our-community\/\",\"name\":\"Collectors Community | Clase Azul M\u00e9xico\",\"isPartOf\":{\"@id\":\"https:\/\/claseazul.com\/es\/#website\"},\"datePublished\":\"2026-01-07T20:16:16+00:00\",\"dateModified\":\"2026-05-01T15:49:54+00:00\",\"description\":\"Become part of the Clase Azul community for early access to rare decanters, private collection showcases, and exclusive member-only curated events.\",\"breadcrumb\":{\"@id\":\"https:\/\/claseazul.com\/es\/our-community\/#breadcrumb\"},\"inLanguage\":\"es-ES\",\"potentialAction\":[{\"@type\":\"ReadAction\",\"target\":[\"https:\/\/claseazul.com\/es\/our-community\/\"]}]},{\"@type\":\"BreadcrumbList\",\"@id\":\"https:\/\/claseazul.com\/es\/our-community\/#breadcrumb\",\"itemListElement\":[{\"@type\":\"ListItem\",\"position\":1,\"name\":\"Home\",\"item\":\"https:\/\/claseazul.com\/es\/\"},{\"@type\":\"ListItem\",\"position\":2,\"name\":\"Our Community\"}]},{\"@type\":\"WebSite\",\"@id\":\"https:\/\/claseazul.com\/es\/#website\",\"url\":\"https:\/\/claseazul.com\/es\/\",\"name\":\"Clase Azul M\u00e9xico\",\"description\":\"\",\"potentialAction\":[{\"@type\":\"SearchAction\",\"target\":{\"@type\":\"EntryPoint\",\"urlTemplate\":\"https:\/\/claseazul.com\/es\/?s={search_term_string}\"},\"query-input\":{\"@type\":\"PropertyValueSpecification\",\"valueRequired\":true,\"valueName\":\"search_term_string\"}}],\"inLanguage\":\"es-ES\"}]}<\/script>\n<!-- \/ Yoast SEO plugin. -->","yoast_head_json":{"title":"Collectors Community | Clase Azul M\u00e9xico","description":"Become part of the Clase Azul community for early access to rare decanters, private collection showcases, and exclusive member-only curated events.","robots":{"index":"index","follow":"follow","max-snippet":"max-snippet:-1","max-image-preview":"max-image-preview:large","max-video-preview":"max-video-preview:-1"},"canonical":"https:\/\/claseazul.com\/es\/our-community\/","og_locale":"es_ES","og_type":"article","og_title":"Collectors Community | Clase Azul M\u00e9xico","og_description":"Become part of the Clase Azul community for early access to rare decanters, private collection showcases, and exclusive member-only curated events.","og_url":"https:\/\/claseazul.com\/es\/our-community\/","og_site_name":"Clase Azul M\u00e9xico","article_modified_time":"2026-05-01T15:49:54+00:00","twitter_card":"summary_large_image","schema":{"@context":"https:\/\/schema.org","@graph":[{"@type":"WebPage","@id":"https:\/\/claseazul.com\/es\/our-community\/","url":"https:\/\/claseazul.com\/es\/our-community\/","name":"Collectors Community | Clase Azul M\u00e9xico","isPartOf":{"@id":"https:\/\/claseazul.com\/es\/#website"},"datePublished":"2026-01-07T20:16:16+00:00","dateModified":"2026-05-01T15:49:54+00:00","description":"Become part of the Clase Azul community for early access to rare decanters, private collection showcases, and exclusive member-only curated events.","breadcrumb":{"@id":"https:\/\/claseazul.com\/es\/our-community\/#breadcrumb"},"inLanguage":"es-ES","potentialAction":[{"@type":"ReadAction","target":["https:\/\/claseazul.com\/es\/our-community\/"]}]},{"@type":"BreadcrumbList","@id":"https:\/\/claseazul.com\/es\/our-community\/#breadcrumb","itemListElement":[{"@type":"ListItem","position":1,"name":"Home","item":"https:\/\/claseazul.com\/es\/"},{"@type":"ListItem","position":2,"name":"Our Community"}]},{"@type":"WebSite","@id":"https:\/\/claseazul.com\/es\/#website","url":"https:\/\/claseazul.com\/es\/","name":"Clase Azul M\u00e9xico","description":"","potentialAction":[{"@type":"SearchAction","target":{"@type":"EntryPoint","urlTemplate":"https:\/\/claseazul.com\/es\/?s={search_term_string}"},"query-input":{"@type":"PropertyValueSpecification","valueRequired":true,"valueName":"search_term_string"}}],"inLanguage":"es-ES"}]}},"_links":{"self":[{"href":"https:\/\/claseazul.com\/es\/wp-json\/wp\/v2\/pages\/4742","targetHints":{"allow":["GET"]}}],"collection":[{"href":"https:\/\/claseazul.com\/es\/wp-json\/wp\/v2\/pages"}],"about":[{"href":"https:\/\/claseazul.com\/es\/wp-json\/wp\/v2\/types\/page"}],"author":[{"embeddable":true,"href":"https:\/\/claseazul.com\/es\/wp-json\/wp\/v2\/users\/2"}],"replies":[{"embeddable":true,"href":"https:\/\/claseazul.com\/es\/wp-json\/wp\/v2\/comments?post=4742"}],"version-history":[{"count":2,"href":"https:\/\/claseazul.com\/es\/wp-json\/wp\/v2\/pages\/4742\/revisions"}],"predecessor-version":[{"id":4830,"href":"https:\/\/claseazul.com\/es\/wp-json\/wp\/v2\/pages\/4742\/revisions\/4830"}],"wp:attachment":[{"href":"https:\/\/claseazul.com\/es\/wp-json\/wp\/v2\/media?parent=4742"}],"curies":[{"name":"wp","href":"https:\/\/api.w.org\/{rel}","templated":true}]}}